{"id":993,"date":"2023-04-17T13:29:51","date_gmt":"2023-04-17T13:29:51","guid":{"rendered":"https:\/\/themes.pixelwars.org\/archy\/demo-01\/?page_id=993"},"modified":"2024-12-18T00:18:37","modified_gmt":"2024-12-17T23:18:37","slug":"o-nas","status":"publish","type":"page","link":"https:\/\/lynx-cargo.com\/pl\/o-nas\/","title":{"rendered":"O nas"},"content":{"rendered":"\t\t<div data-elementor-type=\"wp-page\" data-elementor-id=\"993\" class=\"elementor elementor-993\">\n\t\t\t\t\t\t<section class=\"elementor-section elementor-top-section elementor-element elementor-element-376952 elementor-section-height-min-height elementor-section-boxed elementor-section-height-default elementor-section-items-middle\" data-id=\"376952\" data-element_type=\"section\" data-e-type=\"section\" data-settings=\"{&quot;background_background&quot;:&quot;classic&quot;}\">\n\t\t\t\t\t\t<div class=\"elementor-container elementor-column-gap-default\">\n\t\t\t\t\t<div class=\"elementor-column elementor-col-100 elementor-top-column elementor-element elementor-element-5d30c43\" data-id=\"5d30c43\" data-element_type=\"column\" data-e-type=\"column\">\n\t\t\t<div class=\"elementor-widget-wrap elementor-element-populated\">\n\t\t\t\t<div class=\"elementor-element elementor-element-bcf5ec9 elementor-hidden-desktop elementor-hidden-tablet elementor-hidden-mobile e-flex e-con-boxed e-con e-child\" data-id=\"bcf5ec9\" data-element_type=\"container\" data-e-type=\"container\">\n\t\t\t\t\t<div class=\"e-con-inner\">\n\t\t\t\t<div class=\"elementor-element elementor-element-32a4f27 elementor-widget elementor-widget-qi_addons_for_elementor_animated_text\" data-id=\"32a4f27\" data-element_type=\"widget\" data-e-type=\"widget\" data-no-translation=\"\" data-widget_type=\"qi_addons_for_elementor_animated_text.default\">\n\t\t\t\t<div class=\"elementor-widget-container\">\n\t\t\t\t\t<div class=\"qodef-shortcode qodef-m qodef-qi-animated-text qodef--animated-by-letter qodef--alignment-left qodef-qi--has-appear qodef--appear-from-right\" >\n\t\t<h1 class=\"qodef-m-title\">\n\t\t<span class=\"qodef-e-word-holder\">O<\/span> <span class=\"qodef-e-word-holder\">nas<\/span>\t<\/h1>\n<\/div>\n\t\t\t\t<\/div>\n\t\t\t\t<\/div>\n\t\t\t\t<div class=\"elementor-element elementor-element-dab56ea elementor-widget elementor-widget-qi_addons_for_elementor_animated_text\" data-id=\"dab56ea\" data-element_type=\"widget\" data-e-type=\"widget\" data-no-translation=\"\" data-widget_type=\"qi_addons_for_elementor_animated_text.default\">\n\t\t\t\t<div class=\"elementor-widget-container\">\n\t\t\t\t\t<style>.elementor-element-dab56ea{display:none !important}<\/style>\t\t\t\t<\/div>\n\t\t\t\t<\/div>\n\t\t\t\t<div class=\"elementor-element elementor-element-863504d animated-slow elementor-invisible elementor-widget elementor-widget-heading\" data-id=\"863504d\" data-element_type=\"widget\" data-e-type=\"widget\" data-settings=\"{&quot;_animation&quot;:&quot;fadeInUp&quot;}\" data-widget_type=\"heading.default\">\n\t\t\t\t<div class=\"elementor-widget-container\">\n\t\t\t\t\t<h2 class=\"elementor-heading-title elementor-size-default\">Poszerzamy zasi\u0119g, dostarczamy sukces<\/h2>\t\t\t\t<\/div>\n\t\t\t\t<\/div>\n\t\t\t\t\t<\/div>\n\t\t\t\t<\/div>\n\t\t\t\t\t<\/div>\n\t\t<\/div>\n\t\t\t\t\t<\/div>\n\t\t<\/section>\n\t\t<div class=\"elementor-element elementor-element-3d45684 e-flex e-con-boxed e-con e-parent\" data-id=\"3d45684\" data-element_type=\"container\" data-e-type=\"container\">\n\t\t\t\t\t<div class=\"e-con-inner\">\n\t\t<div class=\"elementor-element elementor-element-6916d95 e-con-full e-flex e-con e-child\" data-id=\"6916d95\" data-element_type=\"container\" data-e-type=\"container\">\n\t\t\t\t<div class=\"elementor-element elementor-element-680b627 elementor-widget elementor-widget-qi_addons_for_elementor_animated_text\" data-id=\"680b627\" data-element_type=\"widget\" data-e-type=\"widget\" data-no-translation=\"\" data-widget_type=\"qi_addons_for_elementor_animated_text.default\">\n\t\t\t\t<div class=\"elementor-widget-container\">\n\t\t\t\t\t<div class=\"qodef-shortcode qodef-m qodef-qi-animated-text qodef--animated-by-letter qodef--alignment-left qodef-qi--has-appear qodef--appear-from-right\" >\n\t\t<h1 class=\"qodef-m-title\">\n\t\t<span class=\"qodef-e-word-holder\">O<\/span> <span class=\"qodef-e-word-holder\">nas<\/span>\t<\/h1>\n<\/div>\n\t\t\t\t<\/div>\n\t\t\t\t<\/div>\n\t\t\t\t<div class=\"elementor-element elementor-element-797816f elementor-widget elementor-widget-qi_addons_for_elementor_animated_text\" data-id=\"797816f\" data-element_type=\"widget\" data-e-type=\"widget\" data-no-translation=\"\" data-widget_type=\"qi_addons_for_elementor_animated_text.default\">\n\t\t\t\t<div class=\"elementor-widget-container\">\n\t\t\t\t\t<style>.elementor-element-797816f{display:none !important}<\/style>\t\t\t\t<\/div>\n\t\t\t\t<\/div>\n\t\t\t\t<div class=\"elementor-element elementor-element-9495210 animated-slow elementor-invisible elementor-widget elementor-widget-heading\" data-id=\"9495210\" data-element_type=\"widget\" data-e-type=\"widget\" data-settings=\"{&quot;_animation&quot;:&quot;fadeInUp&quot;}\" data-widget_type=\"heading.default\">\n\t\t\t\t<div class=\"elementor-widget-container\">\n\t\t\t\t\t<h2 class=\"elementor-heading-title elementor-size-default\">Poszerzamy zasi\u0119g, dostarczamy sukces<\/h2>\t\t\t\t<\/div>\n\t\t\t\t<\/div>\n\t\t\t\t<\/div>\n\t\t\t\t\t<\/div>\n\t\t\t\t<\/div>\n\t\t\t\t<section class=\"elementor-section elementor-top-section elementor-element elementor-element-2c473a61 elementor-section-boxed elementor-section-height-default elementor-section-height-default\" data-id=\"2c473a61\" data-element_type=\"section\" data-e-type=\"section\">\n\t\t\t\t\t\t<div class=\"elementor-container elementor-column-gap-default\">\n\t\t\t\t\t<div class=\"elementor-column elementor-col-100 elementor-top-column elementor-element elementor-element-7687e19a\" data-id=\"7687e19a\" data-element_type=\"column\" data-e-type=\"column\">\n\t\t\t<div class=\"elementor-widget-wrap elementor-element-populated\">\n\t\t\t\t\t\t<div class=\"elementor-element elementor-element-700cceab elementor-widget elementor-widget-text-editor\" data-id=\"700cceab\" data-element_type=\"widget\" data-e-type=\"widget\" data-widget_type=\"text-editor.default\">\n\t\t\t\t<div class=\"elementor-widget-container\">\n\t\t\t\t\t\t\t\t\t<p>Jeste\u015bmy zespo\u0142em zgranym, ambitnym, pe\u0142nym pasji i gotowym na wyzwania. Naszym ogromnym atutem jest wieloletnie do\u015bwiadczenie w bran\u017cy TSL, kt\u00f3re postanowili\u015bmy wykorzysta\u0107 do stworzenia nowej firmy. Firmy, kt\u00f3ra wniesie now\u0105 jako\u015b\u0107 do szeroko poj\u0119tej bran\u017cy logistycznej. Firmy, kt\u00f3ra potrafi dostosowa\u0107 si\u0119 do ka\u017cdych warunk\u00f3w \u2013 wymaga\u0144 Klient\u00f3w, satysfakcji Partner\u00f3w, sytuacji na rynkach polskich i europejskich.\u00a0<\/p><p>Nasz\u0105 domen\u0105 jest organizacja transportu drogowego na terenie Polski i Unii Europejskiej. Specjalizujemy si\u0119 w transporcie \u017cywno\u015bci \u015bwie\u017cej i mro\u017conej. Znamy si\u0119 tak\u017ce na przewozie towaru w temperaturze otoczenia. Nasz\u0105 ofert\u0119 wzbogacamy o organizacj\u0119 wspomagaj\u0105cych proces\u00f3w magazynowych, g\u0142\u00f3wnie w Polsce, ale tak\u017ce za granic\u0105.\u00a0<\/p><p>Nasz\u0105 misj\u0105 jest rozw\u00f3j. Wierzymy, \u017ce poprzez rozw\u00f3j profesjonalnej kadry, rozw\u00f3j zadowolenia Klient\u00f3w oraz sta\u0142e doskonalenie proces\u00f3w, jeste\u015bmy w stanie rozwija\u0107 ca\u0142\u0105 bran\u017c\u0119 TSL, wyznaczaj\u0105c nowe rozwi\u0105zania, zw\u0142aszcza w obszarze towar\u00f3w spo\u017cywczych.\u00a0<\/p><p>Naszym celem jest stworzenie marki stabilnej, godnej zaufania i oferuj\u0105cej us\u0142ugi na najwy\u017cszym poziomie, kt\u00f3ra b\u0119dzie niedo\u015bcignionym wzorem dla konkurencji. Dzi\u0119ki\u00a0<span style=\"color: var( --e-global-color-text ); font-family: var( --e-global-typography-text-font-family ), Sans-serif; font-weight: var( --e-global-typography-text-font-weight );\">naszemu niezachwianemu zaanga\u017cowaniu d\u0105\u017cymy do doskona\u0142o\u015bci oraz sukcesu naszego <\/span><span style=\"color: var( --e-global-color-text ); font-family: var( --e-global-typography-text-font-family ), Sans-serif; font-weight: var( --e-global-typography-text-font-weight );\">oraz naszych Klient\u00f3w. <\/span><span style=\"color: var( --e-global-color-text ); font-family: var( --e-global-typography-text-font-family ), Sans-serif; font-weight: var( --e-global-typography-text-font-weight );\">Startujemy z energi\u0105, zapa\u0142em i sta\u0142ym pragnieniem rozwoju. Jeste\u015bmy szybcy, zwinni i <\/span><span style=\"color: var( --e-global-color-text ); font-family: var( --e-global-typography-text-font-family ), Sans-serif; font-weight: var( --e-global-typography-text-font-weight );\">skuteczni. Taki jest w\u0142a\u015bnie Lynx!<\/span><\/p>\t\t\t\t\t\t\t\t<\/div>\n\t\t\t\t<\/div>\n\t\t\t\t\t<\/div>\n\t\t<\/div>\n\t\t\t\t\t<\/div>\n\t\t<\/section>\n\t\t\t\t<section class=\"elementor-section elementor-top-section elementor-element elementor-element-733423e8 elementor-section-boxed elementor-section-height-default elementor-section-height-default\" data-id=\"733423e8\" data-element_type=\"section\" data-e-type=\"section\">\n\t\t\t\t\t\t<div class=\"elementor-container elementor-column-gap-default\">\n\t\t\t\t\t<div class=\"elementor-column elementor-col-50 elementor-top-column elementor-element elementor-element-11aae89f\" data-id=\"11aae89f\" data-element_type=\"column\" data-e-type=\"column\">\n\t\t\t<div class=\"elementor-widget-wrap elementor-element-populated\">\n\t\t\t\t\t\t<div class=\"elementor-element elementor-element-220a64b9 elementor-widget elementor-widget-qi_addons_for_elementor_parallax_images\" data-id=\"220a64b9\" data-element_type=\"widget\" data-e-type=\"widget\" data-widget_type=\"qi_addons_for_elementor_parallax_images.default\">\n\t\t\t\t<div class=\"elementor-widget-container\">\n\t\t\t\t\t<div class=\"qodef-shortcode qodef-m qodef-qi-parallax-images qodef-layout--default\">\n\t<div class=\"qodef-m-images\">\n\t\t<div class=\"qodef-e-main-image-holder\">\n\t\t\t<div class=\"qodef-e-main-image-zoom-holder\">\n\t\t\t\t\t\t\t\t\t<div class=\"qodef-e-main-image\" data-parallax-main=\"60\">\n\t\t\t\t\t\t<img fetchpriority=\"high\" decoding=\"async\" width=\"570\" height=\"650\" src=\"https:\/\/lynx-cargo.com\/wp-content\/uploads\/2024\/09\/o-nas-570x650.jpg\" class=\"attachment-qi_addons_for_elementor_image_size_square size-qi_addons_for_elementor_image_size_square\" alt=\"\" \/>\t\t\t\t\t<\/div>\n\t\t\t\t\t\t\t<\/div>\n\t\t<\/div>\n\t\t\t\t\t\t\t\t\t\t\t\t\t<div class=\"qodef-e-parallax-image qodef-position--bottom-left elementor-repeater-item-2f947ea\" >\n\t\t\t\t\t\t\t\t\t<\/div>\n\t\t\t\t\t\t<\/div>\n<\/div>\n\t\t\t\t<\/div>\n\t\t\t\t<\/div>\n\t\t\t\t\t<\/div>\n\t\t<\/div>\n\t\t\t\t<div class=\"elementor-column elementor-col-50 elementor-top-column elementor-element elementor-element-732c3c7d\" data-id=\"732c3c7d\" data-element_type=\"column\" data-e-type=\"column\">\n\t\t\t<div class=\"elementor-widget-wrap elementor-element-populated\">\n\t\t\t\t\t\t<div class=\"elementor-element elementor-element-72d1cdf9 elementor-widget elementor-widget-text-editor\" data-id=\"72d1cdf9\" data-element_type=\"widget\" data-e-type=\"widget\" data-widget_type=\"text-editor.default\">\n\t\t\t\t<div class=\"elementor-widget-container\">\n\t\t\t\t\t\t\t\t\t<p style=\"text-align: left;\"><strong>Dlaczego my?<\/strong><\/p>\n<ol>\n<li style=\"text-align: justify;\"><strong>Wyostrzona percepcja<\/strong> \u2013 potrafimy ws\u0142ucha\u0107 si\u0119 w potrzeby naszych Klient\u00f3w oraz dostrzec mo\u017cliwie najlepsze rozwi\u0105zania ich problem\u00f3w.<\/li>\n<li style=\"text-align: justify;\"><strong>Szerokie pole widzenia<\/strong> \u2013 nie ograniczamy si\u0119 tylko do jednego, utartego szlaku. Nie boimy si\u0119 szuka\u0107 nowych dr\u00f3g do zadowolenia Klient\u00f3w.<\/li>\n<li style=\"text-align: justify;\"><strong>Dok\u0142adna ocena sytuacji<\/strong> \u2013 do\u015bwiadczenie ca\u0142ego naszego zespo\u0142u gwarantuje starann\u0105 ocen\u0119 ryzyka w trosce o dobro Klient\u00f3w.<\/li>\n<li style=\"text-align: justify;\"><strong>Potencja\u0142<\/strong> \u2013 nasz\u0105 najwi\u0119ksz\u0105 warto\u015bci\u0105 s\u0105 ludzie, czyli grono zaanga\u017cowanych i kreatywnych Pracownik\u00f3w. D\u0105\u017cymy do ci\u0105g\u0142ego inwestowania w ich rozw\u00f3j.&nbsp;<\/li><li style=\"text-align: justify;\"><span style=\"color: var( --e-global-color-text ); font-family: var( --e-global-typography-text-font-family ), Sans-serif;\"><b>Opanowanie<\/b><\/span><span style=\"color: var( --e-global-color-text ); font-family: var( --e-global-typography-text-font-family ), Sans-serif; font-weight: var( --e-global-typography-text-font-weight );\"> \u2013 zapewniamy profesjonalizm na ka\u017cdym etapie wsp\u00f3\u0142pracy. Nasza <\/span><span style=\"color: var( --e-global-color-text ); font-family: var( --e-global-typography-text-font-family ), Sans-serif; font-weight: var( --e-global-typography-text-font-weight );\">Firma rozwija si\u0119 dynamicznie, ale jest odporna na wahania.<\/span><\/li>\n<\/ol>\t\t\t\t\t\t\t\t<\/div>\n\t\t\t\t<\/div>\n\t\t\t\t\t<\/div>\n\t\t<\/div>\n\t\t\t\t\t<\/div>\n\t\t<\/section>\n\t\t\t\t<section class=\"elementor-section elementor-top-section elementor-element elementor-element-4f69429a elementor-section-boxed elementor-section-height-default elementor-section-height-default\" data-id=\"4f69429a\" data-element_type=\"section\" data-e-type=\"section\">\n\t\t\t\t\t\t<div class=\"elementor-container elementor-column-gap-default\">\n\t\t\t\t\t<div class=\"elementor-column elementor-col-50 elementor-top-column elementor-element elementor-element-59c979af\" data-id=\"59c979af\" data-element_type=\"column\" data-e-type=\"column\">\n\t\t\t<div class=\"elementor-widget-wrap elementor-element-populated\">\n\t\t\t\t\t\t<div class=\"elementor-element elementor-element-36d861ce elementor-widget elementor-widget-text-editor\" data-id=\"36d861ce\" data-element_type=\"widget\" data-e-type=\"widget\" data-widget_type=\"text-editor.default\">\n\t\t\t\t<div class=\"elementor-widget-container\">\n\t\t\t\t\t\t\t\t\t<p style=\"text-align: justify;\">W Lynx Cargo rozumiemy, \u017ce ka\u017cda przesy\u0142ka, ka\u017cda trasa i ka\u017cdy Klient jest wyj\u0105tkowy. Dlatego do ka\u017cdego zlecenia podchodzimy w spos\u00f3b spersonalizowany. Nasza do\u015bwiadczona kadra \u015bci\u015ble wsp\u00f3\u0142pracuje z Klientem, aby przeanalizowa\u0107 jego potrzeby i opracowa\u0107 optymaln\u0105 strategi\u0119 logistyczn\u0105. Od proces\u00f3w magazynowych i dystrybucji po spedycj\u0119 mi\u0119dzynarodow\u0105, zajmujemy si\u0119 ka\u017cdym szczeg\u00f3\u0142em, dzi\u0119ki czemu mo\u017cesz skupi\u0107 si\u0119 na tym, co robisz najlepiej &#8211; rozwijaniu swojej firmy.<\/p>\t\t\t\t\t\t\t\t<\/div>\n\t\t\t\t<\/div>\n\t\t\t\t\t<\/div>\n\t\t<\/div>\n\t\t\t\t<div class=\"elementor-column elementor-col-50 elementor-top-column elementor-element elementor-element-22a3ae96\" data-id=\"22a3ae96\" data-element_type=\"column\" data-e-type=\"column\">\n\t\t\t<div class=\"elementor-widget-wrap elementor-element-populated\">\n\t\t\t\t\t\t<div class=\"elementor-element elementor-element-47c183c9 elementor-widget elementor-widget-qi_addons_for_elementor_parallax_images\" data-id=\"47c183c9\" data-element_type=\"widget\" data-e-type=\"widget\" data-widget_type=\"qi_addons_for_elementor_parallax_images.default\">\n\t\t\t\t<div class=\"elementor-widget-container\">\n\t\t\t\t\t<div class=\"qodef-shortcode qodef-m qodef-qi-parallax-images qodef-layout--default\">\n\t<div class=\"qodef-m-images\">\n\t\t<div class=\"qodef-e-main-image-holder\">\n\t\t\t<div class=\"qodef-e-main-image-zoom-holder\">\n\t\t\t\t\t\t\t\t\t<div class=\"qodef-e-main-image\" data-parallax-main=\"60\">\n\t\t\t\t\t\t<img decoding=\"async\" width=\"570\" height=\"650\" src=\"https:\/\/lynx-cargo.com\/wp-content\/uploads\/2024\/09\/o-nas-2-570x650.jpg\" class=\"attachment-qi_addons_for_elementor_image_size_square size-qi_addons_for_elementor_image_size_square\" alt=\"\" \/>\t\t\t\t\t<\/div>\n\t\t\t\t\t\t\t<\/div>\n\t\t<\/div>\n\t\t\t\t\t\t\t\t\t\t\t\t\t<div class=\"qodef-e-parallax-image qodef-position--bottom-left elementor-repeater-item-2f947ea\" >\n\t\t\t\t\t\t\t\t\t<\/div>\n\t\t\t\t\t\t<\/div>\n<\/div>\n\t\t\t\t<\/div>\n\t\t\t\t<\/div>\n\t\t\t\t\t<\/div>\n\t\t<\/div>\n\t\t\t\t\t<\/div>\n\t\t<\/section>\n\t\t\t\t<section class=\"elementor-section elementor-top-section elementor-element elementor-element-c586be6 elementor-section-content-middle elementor-section-boxed elementor-section-height-default elementor-section-height-default\" data-id=\"c586be6\" data-element_type=\"section\" data-e-type=\"section\">\n\t\t\t\t\t\t<div class=\"elementor-container elementor-column-gap-default\">\n\t\t\t\t\t<div class=\"elementor-column elementor-col-50 elementor-top-column elementor-element elementor-element-9299d1f\" data-id=\"9299d1f\" data-element_type=\"column\" data-e-type=\"column\">\n\t\t\t<div class=\"elementor-widget-wrap elementor-element-populated\">\n\t\t\t\t\t\t<div class=\"elementor-element elementor-element-566b300 elementor-widget__width-auto elementor-widget elementor-widget-qi_addons_for_elementor_parallax_images\" data-id=\"566b300\" data-element_type=\"widget\" data-e-type=\"widget\" data-widget_type=\"qi_addons_for_elementor_parallax_images.default\">\n\t\t\t\t<div class=\"elementor-widget-container\">\n\t\t\t\t\t<div class=\"qodef-shortcode qodef-m qodef-qi-parallax-images qodef-layout--default\">\n\t<div class=\"qodef-m-images\">\n\t\t<div class=\"qodef-e-main-image-holder\">\n\t\t\t<div class=\"qodef-e-main-image-zoom-holder\">\n\t\t\t\t\t\t\t\t\t<div class=\"qodef-e-main-image\" data-parallax-main=\"60\">\n\t\t\t\t\t\t<img decoding=\"async\" width=\"579\" height=\"343\" src=\"https:\/\/lynx-cargo.com\/wp-content\/uploads\/2024\/10\/IFS_Logistics_Box_RGB.jpg\" class=\"attachment-qi_addons_for_elementor_image_size_square size-qi_addons_for_elementor_image_size_square\" alt=\"\" srcset=\"https:\/\/lynx-cargo.com\/wp-content\/uploads\/2024\/10\/IFS_Logistics_Box_RGB.jpg 579w, https:\/\/lynx-cargo.com\/wp-content\/uploads\/2024\/10\/IFS_Logistics_Box_RGB-300x178.jpg 300w, https:\/\/lynx-cargo.com\/wp-content\/uploads\/2024\/10\/IFS_Logistics_Box_RGB-550x326.jpg 550w\" sizes=\"(max-width: 579px) 100vw, 579px\" \/>\t\t\t\t\t<\/div>\n\t\t\t\t\t\t\t<\/div>\n\t\t<\/div>\n\t\t\t\t\t\t\t\t\t\t\t\t\t<div class=\"qodef-e-parallax-image qodef-position--bottom-left elementor-repeater-item-2f947ea\" >\n\t\t\t\t\t\t\t\t\t<\/div>\n\t\t\t\t\t\t<\/div>\n<\/div>\n\t\t\t\t<\/div>\n\t\t\t\t<\/div>\n\t\t\t\t\t<\/div>\n\t\t<\/div>\n\t\t\t\t<div class=\"elementor-column elementor-col-50 elementor-top-column elementor-element elementor-element-760a3d6\" data-id=\"760a3d6\" data-element_type=\"column\" data-e-type=\"column\">\n\t\t\t<div class=\"elementor-widget-wrap elementor-element-populated\">\n\t\t\t\t\t\t<div class=\"elementor-element elementor-element-764a82a elementor-widget__width-initial elementor-widget elementor-widget-text-editor\" data-id=\"764a82a\" data-element_type=\"widget\" data-e-type=\"widget\" data-widget_type=\"text-editor.default\">\n\t\t\t\t<div class=\"elementor-widget-container\">\n\t\t\t\t\t\t\t\t\t<p>Ka\u017cde nasze dzia\u0142anie jest podejmowane z trosk\u0105 o bezpiecze\u0144stwo Kontrahent\u00f3w i \u0142adunku.<br>Potwierdzeniem tego jest uzyskany przez nas certyfikat IFS Logistics \u2013 mi\u0119dzynarodowy standard dla transportu i magazynowania \u017cywno\u015bci.<br>Zapewniamy bezpiecze\u0144stwo i przejrzysto\u015b\u0107 \u0142a\u0144cucha dostaw, dzi\u0119ki czemu nasi Klienci maj\u0105 wi\u0119ksz\u0105 kontrol\u0119 nad swoim towarem.<\/p>\t\t\t\t\t\t\t\t<\/div>\n\t\t\t\t<\/div>\n\t\t\t\t\t<\/div>\n\t\t<\/div>\n\t\t\t\t\t<\/div>\n\t\t<\/section>\n\t\t\t\t<section class=\"elementor-section elementor-top-section elementor-element elementor-element-8204ef4 elementor-section-height-min-height elementor-section-stretched elementor-section-boxed elementor-section-height-default elementor-section-items-middle\" data-id=\"8204ef4\" data-element_type=\"section\" data-e-type=\"section\" data-settings=\"{&quot;stretch_section&quot;:&quot;section-stretched&quot;,&quot;background_background&quot;:&quot;classic&quot;}\">\n\t\t\t\t\t\t\t<div class=\"elementor-background-overlay\"><\/div>\n\t\t\t\t\t\t\t<div class=\"elementor-container elementor-column-gap-default\">\n\t\t\t\t\t<div class=\"elementor-column elementor-col-100 elementor-top-column elementor-element elementor-element-1314152\" data-id=\"1314152\" data-element_type=\"column\" data-e-type=\"column\">\n\t\t\t<div class=\"elementor-widget-wrap elementor-element-populated\">\n\t\t\t\t\t\t<div class=\"elementor-element elementor-element-59ea019 animated-slow elementor-invisible elementor-widget elementor-widget-qi_addons_for_elementor_typeout_text\" data-id=\"59ea019\" data-element_type=\"widget\" data-e-type=\"widget\" data-settings=\"{&quot;_animation&quot;:&quot;fadeInUp&quot;}\" data-widget_type=\"qi_addons_for_elementor_typeout_text.default\">\n\t\t\t\t<div class=\"elementor-widget-container\">\n\t\t\t\t\t<div class=\"qodef-shortcode qodef-m qodef-qi-typeout-text\" data-strings=\"[&quot;&quot;]\">\n\t<h1 class=\"qodef-m-text\">\n\t\t\t\t\tMasz na my\u015bli jaki\u015b projekt?\t\t\t\t<span class=\"qodef-typeout-holder\">\n\t\t\t<span class=\"qodef-typeout\"><\/span>\n\t\t<\/span>\n\t<\/h1>\n<\/div>\n\t\t\t\t<\/div>\n\t\t\t\t<\/div>\n\t\t\t\t<div class=\"elementor-element elementor-element-d5a52b3 animated-slow elementor-invisible elementor-widget elementor-widget-qi_addons_for_elementor_typeout_text\" data-id=\"d5a52b3\" data-element_type=\"widget\" data-e-type=\"widget\" data-settings=\"{&quot;_animation&quot;:&quot;fadeInUp&quot;}\" data-widget_type=\"qi_addons_for_elementor_typeout_text.default\">\n\t\t\t\t<div class=\"elementor-widget-container\">\n\t\t\t\t\t<div class=\"qodef-shortcode qodef-m qodef-qi-typeout-text\" data-strings=\"[&quot;&quot;]\">\n\t<h3 class=\"qodef-m-text\">\n\t\t\t\t\tPorozmawiajmy o szczeg\u00f3\u0142ach.\t\t\t\t<span class=\"qodef-typeout-holder\">\n\t\t\t<span class=\"qodef-typeout\"><\/span>\n\t\t<\/span>\n\t<\/h3>\n<\/div>\n\t\t\t\t<\/div>\n\t\t\t\t<\/div>\n\t\t\t\t<div class=\"elementor-element elementor-element-1be68f2 elementor-widget__width-auto animated-slow elementor-invisible elementor-widget elementor-widget-qi_addons_for_elementor_button\" data-id=\"1be68f2\" data-element_type=\"widget\" data-e-type=\"widget\" data-settings=\"{&quot;_animation&quot;:&quot;fadeInUp&quot;,&quot;_animation_delay&quot;:&quot;200&quot;}\" data-widget_type=\"qi_addons_for_elementor_button.default\">\n\t\t\t\t<div class=\"elementor-widget-container\">\n\t\t\t\t\t<a class=\"qodef-shortcode qodef-m qodef-qi-button qodef-html--link qodef-layout--outlined qodef-type--icon-boxed qodef-icon--right qodef-hover--icon-move-horizontal-short qodef-text-underline qodef-underline--left\" href=\"https:\/\/lynx-cargo.com\/kontakt\/\" target=\"_self\">\n\t<span class=\"qodef-m-text\">Kontakt<\/span>\n\t\t<span class=\"qodef-m-icon\">\n\t\t<span class=\"qodef-m-icon-inner\">\n\t\t\t<svg xmlns=\"http:\/\/www.w3.org\/2000\/svg\" x=\"0px\" y=\"0px\" width=\"7px\" height=\"7px\" viewBox=\"1.25 1.25 7 7\" xml:space=\"preserve\"><polygon fill=\"#ffffff\" points=\"1.25,1.25 1.25,2.25 6.543,2.25 1.25,7.543 1.958,8.25 7.25,2.957 7.25,8.25 8.25,8.25 8.25,1.25 8.25,1.25 \"><\/polygon><\/svg>\t\t\t\t\t<\/span>\n\t<\/span>\n<\/a>\n\t\t\t\t<\/div>\n\t\t\t\t<\/div>\n\t\t\t\t\t<\/div>\n\t\t<\/div>\n\t\t\t\t\t<\/div>\n\t\t<\/section>\n\t\t\t\t<\/div>\n\t\t","protected":false},"excerpt":{"rendered":"<p>O nas Poszerzamy zasi\u0119g, dostarczamy sukces O nas Poszerzamy zasi\u0119g, dostarczamy sukces Jeste\u015bmy zespo\u0142em zgranym, ambitnym, pe\u0142nym pasji i gotowym na wyzwania. Naszym ogromnym atutem jest wieloletnie do\u015bwiadczenie w bran\u017cy TSL, kt\u00f3re postanowili\u015bmy wykorzysta\u0107 do stworzenia nowej firmy. Firmy, kt\u00f3ra wniesie now\u0105 jako\u015b\u0107 do szeroko poj\u0119tej bran\u017cy logistycznej. Firmy, kt\u00f3ra potrafi dostosowa\u0107 si\u0119 do ka\u017cdych warunk\u00f3w \u2013 wymaga\u0144 Klient\u00f3w, satysfakcji Partner\u00f3w, sytuacji na rynkach polskich&#8230; <\/p>\n<p class=\"more\"><a class=\"more-link\" href=\"https:\/\/lynx-cargo.com\/pl\/o-nas\/\">Read More<\/a><\/p>\n","protected":false},"author":2,"featured_media":0,"parent":0,"menu_order":0,"comment_status":"closed","ping_status":"closed","template":"elementor_header_footer","meta":{"inline_featured_image":false,"footnotes":""},"class_list":["post-993","page","type-page","status-publish","hentry","is-cat-link-borders-light is-cat-link-rounded"],"_links":{"self":[{"href":"https:\/\/lynx-cargo.com\/pl\/wp-json\/wp\/v2\/pages\/993","targetHints":{"allow":["GET"]}}],"collection":[{"href":"https:\/\/lynx-cargo.com\/pl\/wp-json\/wp\/v2\/pages"}],"about":[{"href":"https:\/\/lynx-cargo.com\/pl\/wp-json\/wp\/v2\/types\/page"}],"author":[{"embeddable":true,"href":"https:\/\/lynx-cargo.com\/pl\/wp-json\/wp\/v2\/users\/2"}],"replies":[{"embeddable":true,"href":"https:\/\/lynx-cargo.com\/pl\/wp-json\/wp\/v2\/comments?post=993"}],"version-history":[{"count":168,"href":"https:\/\/lynx-cargo.com\/pl\/wp-json\/wp\/v2\/pages\/993\/revisions"}],"predecessor-version":[{"id":14098,"href":"https:\/\/lynx-cargo.com\/pl\/wp-json\/wp\/v2\/pages\/993\/revisions\/14098"}],"wp:attachment":[{"href":"https:\/\/lynx-cargo.com\/pl\/wp-json\/wp\/v2\/media?parent=993"}],"curies":[{"name":"wp","href":"https:\/\/api.w.org\/{rel}","templated":true}]}}