{"id":13507,"date":"2024-09-22T19:45:02","date_gmt":"2024-09-22T17:45:02","guid":{"rendered":"https:\/\/lynx-cargo.com\/?page_id=13507"},"modified":"2025-11-13T09:24:26","modified_gmt":"2025-11-13T08:24:26","slug":"strefa-przewoznika","status":"publish","type":"page","link":"https:\/\/lynx-cargo.com\/pl\/strefa-przewoznika\/","title":{"rendered":"Strefa Przewo\u017anika"},"content":{"rendered":"\t\t<div data-elementor-type=\"wp-page\" data-elementor-id=\"13507\" class=\"elementor elementor-13507\">\n\t\t\t\t\t\t<section class=\"elementor-section elementor-top-section elementor-element elementor-element-376952 elementor-section-height-min-height elementor-section-boxed elementor-section-height-default elementor-section-items-middle\" data-id=\"376952\" data-element_type=\"section\" data-e-type=\"section\" data-settings=\"{&quot;background_background&quot;:&quot;classic&quot;}\">\n\t\t\t\t\t\t\t<div class=\"elementor-background-overlay\"><\/div>\n\t\t\t\t\t\t\t<div class=\"elementor-container elementor-column-gap-default\">\n\t\t\t\t\t<div class=\"elementor-column elementor-col-100 elementor-top-column elementor-element elementor-element-5d30c43\" data-id=\"5d30c43\" data-element_type=\"column\" data-e-type=\"column\">\n\t\t\t<div class=\"elementor-widget-wrap\">\n\t\t\t\t\t\t\t<\/div>\n\t\t<\/div>\n\t\t\t\t\t<\/div>\n\t\t<\/section>\n\t\t<div class=\"elementor-element elementor-element-6a54da8 e-flex e-con-boxed e-con e-parent\" data-id=\"6a54da8\" data-element_type=\"container\" data-e-type=\"container\">\n\t\t\t\t\t<div class=\"e-con-inner\">\n\t\t\t\t<div class=\"elementor-element elementor-element-8e5a444 elementor-widget elementor-widget-qi_addons_for_elementor_animated_text\" data-id=\"8e5a444\" data-element_type=\"widget\" data-e-type=\"widget\" data-no-translation=\"\" data-widget_type=\"qi_addons_for_elementor_animated_text.default\">\n\t\t\t\t<div class=\"elementor-widget-container\">\n\t\t\t\t\t<div class=\"qodef-shortcode qodef-m qodef-qi-animated-text qodef--animated-by-letter qodef--alignment-left qodef-qi--has-appear qodef--appear-from-bottom\" >\n\t\t<h1 class=\"qodef-m-title\">\n\t\t<span class=\"qodef-e-word-holder\">Strefa<\/span> <span class=\"qodef-e-word-holder\">Przewo\u017anika<\/span>\t<\/h1>\n<\/div>\n\t\t\t\t<\/div>\n\t\t\t\t<\/div>\n\t\t\t\t<div class=\"elementor-element elementor-element-9e35517 elementor-widget elementor-widget-qi_addons_for_elementor_animated_text\" data-id=\"9e35517\" data-element_type=\"widget\" data-e-type=\"widget\" data-no-translation=\"\" data-widget_type=\"qi_addons_for_elementor_animated_text.default\">\n\t\t\t\t<div class=\"elementor-widget-container\">\n\t\t\t\t\t<style>.elementor-element-9e35517{display:none !important}<\/style>\t\t\t\t<\/div>\n\t\t\t\t<\/div>\n\t\t\t\t\t<\/div>\n\t\t\t\t<\/div>\n\t\t<div class=\"elementor-element elementor-element-4ca279a e-flex e-con-boxed e-con e-parent\" data-id=\"4ca279a\" data-element_type=\"container\" data-e-type=\"container\">\n\t\t\t\t\t<div class=\"e-con-inner\">\n\t\t<div class=\"elementor-element elementor-element-3ef874c e-con-full e-flex e-con e-child\" data-id=\"3ef874c\" data-element_type=\"container\" data-e-type=\"container\">\n\t\t<div class=\"elementor-element elementor-element-16670c7 e-con-full e-flex e-con e-child\" data-id=\"16670c7\" data-element_type=\"container\" data-e-type=\"container\">\n\t\t\t\t<div class=\"elementor-element elementor-element-cccb0e7 elementor-widget elementor-widget-text-editor\" data-id=\"cccb0e7\" data-element_type=\"widget\" data-e-type=\"widget\" data-widget_type=\"text-editor.default\">\n\t\t\t\t<div class=\"elementor-widget-container\">\n\t\t\t\t\t\t\t\t\t<p style=\"text-align: justify;\">Zapraszamy do nawi\u0105zania wsp\u00f3\u0142pracy z Lynx Cargo \u2013 dynamicznie rozwijaj\u0105c\u0105 si\u0119 firm\u0105 spedycyjn\u0105! W dobie rosn\u0105cej konkurencji na rynku transportowym, kluczowym elementem osi\u0105gni\u0119cia sukcesu jest odpowiedni partner. Daj sobie szans\u0119 na rozw\u00f3j i do\u0142\u0105cz do grona naszych partner\u00f3w! Razem stworzymy siln\u0105 sie\u0107 transportow\u0105, dzi\u0119ki kt\u00f3rej ka\u017cdy Przewo\u017anik i Klient b\u0119d\u0105 mogli cieszy\u0107 si\u0119 wi\u0119kszym komfortem oraz satysfakcj\u0105 z pracy. Poszukujemy przewo\u017anik\u00f3w na trasy mi\u0119dzynarodowe posiadaj\u0105cych zestawy z naczepami<br \/>ch\u0142odniczymi.<\/p><p style=\"text-align: left;\"><strong>Oferujemy:<\/strong><\/p><ul style=\"text-align: left;\"><li>Przejrzyste warunki wsp\u00f3\u0142pracy<\/li><li>Terminowe wynagrodzenia<\/li><li>Elastyczny termin p\u0142atno\u015bci<\/li><li>Atrakcyjne stawki<\/li><li>Ca\u0142oroczn\u0105 wsp\u00f3\u0142prac\u0119<\/li><li>Partnerskie i indywidualne podej\u015bcie do wsp\u00f3\u0142pracy<\/li><li>Dedykowan\u0105 osob\u0119 do kontaktu<\/li><li>Efektywne planowanie tras<\/li><\/ul><p style=\"text-align: left;\"><strong>Oczekujemy:<\/strong><\/p><ul><li style=\"text-align: left;\">Nastawienia na sta\u0142\u0105 wsp\u00f3\u0142prac\u0119<\/li><li style=\"text-align: left;\">Otwartej komunikacji<\/li><li style=\"text-align: left;\">Wysokiej jako\u015bci \u015bwiadczonych us\u0142ug<\/li><\/ul>\t\t\t\t\t\t\t\t<\/div>\n\t\t\t\t<\/div>\n\t\t\t\t<\/div>\n\t\t\t\t<\/div>\n\t\t<div class=\"elementor-element elementor-element-17c5236 e-con-full e-flex e-con e-child\" data-id=\"17c5236\" data-element_type=\"container\" data-e-type=\"container\">\n\t\t\t\t<div class=\"elementor-element elementor-element-fde317d elementor-widget elementor-widget-image\" data-id=\"fde317d\" data-element_type=\"widget\" data-e-type=\"widget\" data-widget_type=\"image.default\">\n\t\t\t\t<div class=\"elementor-widget-container\">\n\t\t\t\t\t\t\t\t\t\t\t\t\t\t\t<img fetchpriority=\"high\" decoding=\"async\" width=\"650\" height=\"1300\" src=\"https:\/\/lynx-cargo.com\/wp-content\/uploads\/2024\/10\/Strefa-przewoznika-male-650x1300.jpg\" class=\"attachment-qi_addons_for_elementor_image_size_portrait size-qi_addons_for_elementor_image_size_portrait wp-image-13690\" alt=\"\" \/>\t\t\t\t\t\t\t\t\t\t\t\t\t\t\t<\/div>\n\t\t\t\t<\/div>\n\t\t\t\t<\/div>\n\t\t\t\t\t<\/div>\n\t\t\t\t<\/div>\n\t\t<div class=\"elementor-element elementor-element-6873c3d e-flex e-con-boxed e-con e-parent\" data-id=\"6873c3d\" data-element_type=\"container\" data-e-type=\"container\">\n\t\t\t\t\t<div class=\"e-con-inner\">\n\t\t<div class=\"elementor-element elementor-element-799b4cf e-con-full e-flex e-con e-child\" data-id=\"799b4cf\" data-element_type=\"container\" data-e-type=\"container\">\n\t\t\t\t<div class=\"elementor-element elementor-element-fd37870 elementor-widget elementor-widget-qi_addons_for_elementor_animated_text\" data-id=\"fd37870\" data-element_type=\"widget\" data-e-type=\"widget\" data-no-translation=\"\" data-widget_type=\"qi_addons_for_elementor_animated_text.default\">\n\t\t\t\t<div class=\"elementor-widget-container\">\n\t\t\t\t\t<div class=\"qodef-shortcode qodef-m qodef-qi-animated-text qodef--animated-by-letter qodef--alignment-left qodef-qi--has-appear qodef--appear-from-right\" >\n\t\t<h1 class=\"qodef-m-title\">\n\t\t<span class=\"qodef-e-word-holder\">Do\u0142\u0105cz<\/span> <span class=\"qodef-e-word-holder\">do<\/span> <span class=\"qodef-e-word-holder\">grona<\/span> <span class=\"qodef-e-word-holder\">naszych<\/span> <span class=\"qodef-e-word-holder\">Przewo\u017anik\u00f3w!<\/span>\t<\/h1>\n<\/div>\n\t\t\t\t<\/div>\n\t\t\t\t<\/div>\n\t\t\t\t<div class=\"elementor-element elementor-element-3bc6adc animated-slow elementor-invisible elementor-widget elementor-widget-heading\" data-id=\"3bc6adc\" data-element_type=\"widget\" data-e-type=\"widget\" data-settings=\"{&quot;_animation&quot;:&quot;fadeInUp&quot;}\" data-widget_type=\"heading.default\">\n\t\t\t\t<div class=\"elementor-widget-container\">\n\t\t\t\t\t<h4 class=\"elementor-heading-title elementor-size-default\">Oferujemy stabilne warunki, uczciwe i terminowe rozliczenia oraz pe\u0142ne wsparcie operacyjne. <br> Wsp\u00f3\u0142pracuj z nami na jasnych zasadach i buduj d\u0142ugofalowe, partnerskie relacje.<\/h4>\t\t\t\t<\/div>\n\t\t\t\t<\/div>\n\t\t\t\t<\/div>\n\t\t<div class=\"elementor-element elementor-element-893f953 e-con-full e-flex e-con e-child\" data-id=\"893f953\" data-element_type=\"container\" data-e-type=\"container\">\n\t\t\t\t<div class=\"elementor-element elementor-element-c3a0ddb elementor-widget elementor-widget-qi_addons_for_elementor_contact_form_7\" data-id=\"c3a0ddb\" data-element_type=\"widget\" data-e-type=\"widget\" data-widget_type=\"qi_addons_for_elementor_contact_form_7.default\">\n\t\t\t\t<div class=\"elementor-widget-container\">\n\t\t\t\t\t<div class=\"qodef-shortcode qodef-m qodef-qi-contact-form-7\">\n\t\n<div class=\"wpcf7 no-js\" id=\"wpcf7-f13649-o1\" lang=\"pl-PL\" dir=\"ltr\" data-wpcf7-id=\"13649\">\n<div class=\"screen-reader-response\"><p role=\"status\" aria-live=\"polite\" aria-atomic=\"true\"><\/p> <ul><\/ul><\/div>\n<form action=\"\/pl\/wp-json\/wp\/v2\/pages\/13507#wpcf7-f13649-o1\" method=\"post\" class=\"wpcf7-form init\" aria-label=\"Formularz kontaktowy\" novalidate=\"novalidate\" data-status=\"init\">\n<fieldset class=\"hidden-fields-container\"><input type=\"hidden\" name=\"_wpcf7\" value=\"13649\" \/><input type=\"hidden\" name=\"_wpcf7_version\" value=\"6.1.5\" \/><input type=\"hidden\" name=\"_wpcf7_locale\" value=\"pl_PL\" \/><input type=\"hidden\" name=\"_wpcf7_unit_tag\" value=\"wpcf7-f13649-o1\" \/><input type=\"hidden\" name=\"_wpcf7_container_post\" value=\"0\" \/><input type=\"hidden\" name=\"_wpcf7_posted_data_hash\" value=\"\" \/><input type=\"hidden\" name=\"_wpcf7_recaptcha_response\" value=\"\" \/>\n<\/fieldset>\n<label>Imi\u0119 i nazwisko\n    <span class=\"wpcf7-form-control-wrap\" data-name=\"your-name\"><input size=\"40\" maxlength=\"400\" class=\"wpcf7-form-control wpcf7-text wpcf7-validates-as-required\" autocomplete=\"name\" aria-required=\"true\" aria-invalid=\"false\" value=\"\" type=\"text\" name=\"your-name\" \/><\/span> <\/label>\n\n<label>Adres e-mail\n    <span class=\"wpcf7-form-control-wrap\" data-name=\"your-email\"><input size=\"40\" maxlength=\"400\" class=\"wpcf7-form-control wpcf7-email wpcf7-validates-as-required wpcf7-text wpcf7-validates-as-email\" autocomplete=\"email\" aria-required=\"true\" aria-invalid=\"false\" value=\"\" type=\"email\" name=\"your-email\" \/><\/span> <\/label>\n\n<label>Temat wiadomo\u015bci\n    <span class=\"wpcf7-form-control-wrap\" data-name=\"your-subject\"><input size=\"40\" maxlength=\"400\" class=\"wpcf7-form-control wpcf7-text wpcf7-validates-as-required\" aria-required=\"true\" aria-invalid=\"false\" value=\"\" type=\"text\" name=\"your-subject\" \/><\/span> <\/label>\n\n<label>Tre\u015b\u0107 wiadomo\u015bci\n    <span class=\"wpcf7-form-control-wrap\" data-name=\"your-message\"><textarea cols=\"40\" rows=\"10\" maxlength=\"2000\" class=\"wpcf7-form-control wpcf7-textarea\" aria-invalid=\"false\" name=\"your-message\"><\/textarea><\/span> <\/label>\n\n<input class=\"wpcf7-form-control wpcf7-submit has-spinner\" type=\"submit\" value=\"Wy\u015blij wiadomo\u015b\u0107\" \/><div class=\"wpcf7-response-output\" aria-hidden=\"true\"><\/div>\n<\/form>\n<\/div>\n<\/div>\n\t\t\t\t<\/div>\n\t\t\t\t<\/div>\n\t\t\t\t<\/div>\n\t\t\t\t\t<\/div>\n\t\t\t\t<\/div>\n\t\t\t\t<section class=\"elementor-section elementor-top-section elementor-element elementor-element-4c1fbb1 elementor-section-height-min-height elementor-section-stretched elementor-section-boxed elementor-section-height-default elementor-section-items-middle\" data-id=\"4c1fbb1\" data-element_type=\"section\" data-e-type=\"section\" data-settings=\"{&quot;stretch_section&quot;:&quot;section-stretched&quot;,&quot;background_background&quot;:&quot;classic&quot;}\">\n\t\t\t\t\t\t\t<div class=\"elementor-background-overlay\"><\/div>\n\t\t\t\t\t\t\t<div class=\"elementor-container elementor-column-gap-default\">\n\t\t\t\t\t<div class=\"elementor-column elementor-col-100 elementor-top-column elementor-element elementor-element-1b889cc3\" data-id=\"1b889cc3\" data-element_type=\"column\" data-e-type=\"column\">\n\t\t\t<div class=\"elementor-widget-wrap elementor-element-populated\">\n\t\t\t\t\t\t<div class=\"elementor-element elementor-element-2751135f animated-slow elementor-invisible elementor-widget elementor-widget-qi_addons_for_elementor_typeout_text\" data-id=\"2751135f\" data-element_type=\"widget\" data-e-type=\"widget\" data-settings=\"{&quot;_animation&quot;:&quot;fadeInUp&quot;}\" data-widget_type=\"qi_addons_for_elementor_typeout_text.default\">\n\t\t\t\t<div class=\"elementor-widget-container\">\n\t\t\t\t\t<div class=\"qodef-shortcode qodef-m qodef-qi-typeout-text\" data-strings=\"[&quot;&quot;]\">\n\t<h1 class=\"qodef-m-text\">\n\t\t\t\t\tMasz na my\u015bli jaki\u015b projekt?\t\t\t\t<span class=\"qodef-typeout-holder\">\n\t\t\t<span class=\"qodef-typeout\"><\/span>\n\t\t<\/span>\n\t<\/h1>\n<\/div>\n\t\t\t\t<\/div>\n\t\t\t\t<\/div>\n\t\t\t\t<div class=\"elementor-element elementor-element-2524464a animated-slow elementor-invisible elementor-widget elementor-widget-qi_addons_for_elementor_typeout_text\" data-id=\"2524464a\" data-element_type=\"widget\" data-e-type=\"widget\" data-settings=\"{&quot;_animation&quot;:&quot;fadeInUp&quot;}\" data-widget_type=\"qi_addons_for_elementor_typeout_text.default\">\n\t\t\t\t<div class=\"elementor-widget-container\">\n\t\t\t\t\t<div class=\"qodef-shortcode qodef-m qodef-qi-typeout-text\" data-strings=\"[&quot;&quot;]\">\n\t<h3 class=\"qodef-m-text\">\n\t\t\t\t\tPorozmawiajmy o szczeg\u00f3\u0142ach.\t\t\t\t<span class=\"qodef-typeout-holder\">\n\t\t\t<span class=\"qodef-typeout\"><\/span>\n\t\t<\/span>\n\t<\/h3>\n<\/div>\n\t\t\t\t<\/div>\n\t\t\t\t<\/div>\n\t\t\t\t<div class=\"elementor-element elementor-element-d72bd1b elementor-widget__width-auto animated-slow elementor-invisible elementor-widget elementor-widget-qi_addons_for_elementor_button\" data-id=\"d72bd1b\" data-element_type=\"widget\" data-e-type=\"widget\" data-settings=\"{&quot;_animation&quot;:&quot;fadeInUp&quot;,&quot;_animation_delay&quot;:&quot;200&quot;}\" data-widget_type=\"qi_addons_for_elementor_button.default\">\n\t\t\t\t<div class=\"elementor-widget-container\">\n\t\t\t\t\t<a class=\"qodef-shortcode qodef-m qodef-qi-button qodef-html--link qodef-layout--outlined qodef-type--icon-boxed qodef-icon--right qodef-hover--icon-move-horizontal-short qodef-text-underline qodef-underline--left\" href=\"https:\/\/lynx-cargo.com\/kontakt\/\" target=\"_self\">\n\t<span class=\"qodef-m-text\">Kontakt<\/span>\n\t\t<span class=\"qodef-m-icon\">\n\t\t<span class=\"qodef-m-icon-inner\">\n\t\t\t<svg xmlns=\"http:\/\/www.w3.org\/2000\/svg\" x=\"0px\" y=\"0px\" width=\"7px\" height=\"7px\" viewBox=\"1.25 1.25 7 7\" xml:space=\"preserve\"><polygon fill=\"#ffffff\" points=\"1.25,1.25 1.25,2.25 6.543,2.25 1.25,7.543 1.958,8.25 7.25,2.957 7.25,8.25 8.25,8.25 8.25,1.25 8.25,1.25 \"><\/polygon><\/svg>\t\t\t\t\t<\/span>\n\t<\/span>\n<\/a>\n\t\t\t\t<\/div>\n\t\t\t\t<\/div>\n\t\t\t\t\t<\/div>\n\t\t<\/div>\n\t\t\t\t\t<\/div>\n\t\t<\/section>\n\t\t\t\t<\/div>\n\t\t","protected":false},"excerpt":{"rendered":"<p>Strefa Przewo\u017anika Zapraszamy do nawi\u0105zania wsp\u00f3\u0142pracy z Lynx Cargo \u2013 dynamicznie rozwijaj\u0105c\u0105 si\u0119 firm\u0105 spedycyjn\u0105! W dobie rosn\u0105cej konkurencji na rynku transportowym, kluczowym elementem osi\u0105gni\u0119cia sukcesu jest odpowiedni partner. Daj sobie szans\u0119 na rozw\u00f3j i do\u0142\u0105cz do grona naszych partner\u00f3w! Razem stworzymy siln\u0105 sie\u0107 transportow\u0105, dzi\u0119ki kt\u00f3rej ka\u017cdy Przewo\u017anik i Klient b\u0119d\u0105 mogli cieszy\u0107 si\u0119 wi\u0119kszym komfortem oraz satysfakcj\u0105 z pracy. Poszukujemy przewo\u017anik\u00f3w na trasy&#8230; <\/p>\n<p class=\"more\"><a class=\"more-link\" href=\"https:\/\/lynx-cargo.com\/pl\/strefa-przewoznika\/\">Read More<\/a><\/p>\n","protected":false},"author":2,"featured_media":0,"parent":0,"menu_order":0,"comment_status":"closed","ping_status":"closed","template":"elementor_header_footer","meta":{"inline_featured_image":false,"footnotes":""},"class_list":["post-13507","page","type-page","status-publish","hentry","is-cat-link-borders-light is-cat-link-rounded"],"_links":{"self":[{"href":"https:\/\/lynx-cargo.com\/pl\/wp-json\/wp\/v2\/pages\/13507","targetHints":{"allow":["GET"]}}],"collection":[{"href":"https:\/\/lynx-cargo.com\/pl\/wp-json\/wp\/v2\/pages"}],"about":[{"href":"https:\/\/lynx-cargo.com\/pl\/wp-json\/wp\/v2\/types\/page"}],"author":[{"embeddable":true,"href":"https:\/\/lynx-cargo.com\/pl\/wp-json\/wp\/v2\/users\/2"}],"replies":[{"embeddable":true,"href":"https:\/\/lynx-cargo.com\/pl\/wp-json\/wp\/v2\/comments?post=13507"}],"version-history":[{"count":86,"href":"https:\/\/lynx-cargo.com\/pl\/wp-json\/wp\/v2\/pages\/13507\/revisions"}],"predecessor-version":[{"id":14291,"href":"https:\/\/lynx-cargo.com\/pl\/wp-json\/wp\/v2\/pages\/13507\/revisions\/14291"}],"wp:attachment":[{"href":"https:\/\/lynx-cargo.com\/pl\/wp-json\/wp\/v2\/media?parent=13507"}],"curies":[{"name":"wp","href":"https:\/\/api.w.org\/{rel}","templated":true}]}}