{"id":12646,"date":"2024-03-23T22:03:24","date_gmt":"2024-03-23T21:03:24","guid":{"rendered":"https:\/\/lynx-cargo.com\/?page_id=12646"},"modified":"2024-12-18T00:45:40","modified_gmt":"2024-12-17T23:45:40","slug":"spedycja-miedzynarodowa","status":"publish","type":"page","link":"https:\/\/lynx-cargo.com\/pl\/spedycja-miedzynarodowa\/","title":{"rendered":"Spedycja mi\u0119dzynarodowa"},"content":{"rendered":"\t\t<div data-elementor-type=\"wp-page\" data-elementor-id=\"12646\" class=\"elementor elementor-12646\">\n\t\t\t\t\t\t<section class=\"elementor-section elementor-top-section elementor-element elementor-element-373509e elementor-section-height-min-height elementor-section-full_width elementor-section-stretched elementor-section-height-default elementor-section-items-middle\" data-id=\"373509e\" data-element_type=\"section\" data-e-type=\"section\" data-settings=\"{&quot;background_background&quot;:&quot;classic&quot;,&quot;stretch_section&quot;:&quot;section-stretched&quot;}\">\n\t\t\t\t\t\t<div class=\"elementor-container elementor-column-gap-default\">\n\t\t\t\t\t<div class=\"elementor-column elementor-col-100 elementor-top-column elementor-element elementor-element-7837299\" data-id=\"7837299\" data-element_type=\"column\" data-e-type=\"column\">\n\t\t\t<div class=\"elementor-widget-wrap\">\n\t\t\t\t\t\t\t<\/div>\n\t\t<\/div>\n\t\t\t\t\t<\/div>\n\t\t<\/section>\n\t\t<div class=\"elementor-element elementor-element-604a398 e-flex e-con-boxed e-con e-parent\" data-id=\"604a398\" data-element_type=\"container\" data-e-type=\"container\">\n\t\t\t\t\t<div class=\"e-con-inner\">\n\t\t<div class=\"elementor-element elementor-element-37ae6a3 e-con-full e-flex e-con e-child\" data-id=\"37ae6a3\" data-element_type=\"container\" data-e-type=\"container\">\n\t\t\t\t<div class=\"elementor-element elementor-element-21a406e elementor-widget elementor-widget-qi_addons_for_elementor_animated_text\" data-id=\"21a406e\" data-element_type=\"widget\" data-e-type=\"widget\" data-no-translation=\"\" data-widget_type=\"qi_addons_for_elementor_animated_text.default\">\n\t\t\t\t<div class=\"elementor-widget-container\">\n\t\t\t\t\t<div class=\"qodef-shortcode qodef-m qodef-qi-animated-text qodef--animated-by-letter qodef--alignment-left qodef-qi--has-appear qodef--appear-from-right\" >\n\t\t<h1 class=\"qodef-m-title\">\n\t\t<span class=\"qodef-e-word-holder\">Spedycja<\/span> <span class=\"qodef-e-word-holder\">mi\u0119dzynarodowa\u200b<\/span>\t<\/h1>\n<\/div>\n\t\t\t\t<\/div>\n\t\t\t\t<\/div>\n\t\t\t\t<div class=\"elementor-element elementor-element-9484580 elementor-widget elementor-widget-qi_addons_for_elementor_animated_text\" data-id=\"9484580\" data-element_type=\"widget\" data-e-type=\"widget\" data-no-translation=\"\" data-widget_type=\"qi_addons_for_elementor_animated_text.default\">\n\t\t\t\t<div class=\"elementor-widget-container\">\n\t\t\t\t\t<style>.elementor-element-9484580{display:none !important}<\/style>\t\t\t\t<\/div>\n\t\t\t\t<\/div>\n\t\t\t\t<\/div>\n\t\t\t\t\t<\/div>\n\t\t\t\t<\/div>\n\t\t\t\t<section class=\"elementor-section elementor-top-section elementor-element elementor-element-1d40c71 elementor-section-boxed elementor-section-height-default elementor-section-height-default\" data-id=\"1d40c71\" data-element_type=\"section\" data-e-type=\"section\">\n\t\t\t\t\t\t<div class=\"elementor-container elementor-column-gap-default\">\n\t\t\t\t\t<div class=\"elementor-column elementor-col-50 elementor-top-column elementor-element elementor-element-71314a6\" data-id=\"71314a6\" data-element_type=\"column\" data-e-type=\"column\">\n\t\t\t<div class=\"elementor-widget-wrap elementor-element-populated\">\n\t\t\t\t\t\t<div class=\"elementor-element elementor-element-4eb5eb6 elementor-widget elementor-widget-text-editor\" data-id=\"4eb5eb6\" data-element_type=\"widget\" data-e-type=\"widget\" data-widget_type=\"text-editor.default\">\n\t\t\t\t<div class=\"elementor-widget-container\">\n\t\t\t\t\t\t\t\t\t<p style=\"text-align: justify;\">Spedycja mi\u0119dzynarodowa to proces planowania, organizowania i kontrolowania transportu towar\u00f3w mi\u0119dzy r\u00f3\u017cnymi krajami. Obejmuje ona koordynacj\u0119 wszystkich aspekt\u00f3w zwi\u0105zanych z transportem, takich jak dokumentacja celna, ubezpieczenie towar\u00f3w, \u015bledzenie dostaw oraz obs\u0142uga Klienta.<\/p><p style=\"text-align: justify;\">W ramach us\u0142ugi spedycji mi\u0119dzynarodowej Lynx Cargo zapewnia sprawny przew\u00f3z towar\u00f3w na terenie Unii Europejskiej oraz minimalizowanie koszt\u00f3w i ryzyka zwi\u0105zanych z transportem. Zapewniamy, \u017ce Tw\u00f3j towar dotrze do miejsca przeznaczenia w odpowiednim czasie i w stanie nienaruszonym. Posiadamy specjalistyczne umiej\u0119tno\u015bci i wiedz\u0119 w zakresie mi\u0119dzynarodowej logistyki i transportu.<\/p>\t\t\t\t\t\t\t\t<\/div>\n\t\t\t\t<\/div>\n\t\t\t\t<div class=\"elementor-element elementor-element-8122f91 elementor-icon-list--layout-traditional elementor-list-item-link-full_width elementor-widget elementor-widget-icon-list\" data-id=\"8122f91\" data-element_type=\"widget\" data-e-type=\"widget\" data-widget_type=\"icon-list.default\">\n\t\t\t\t<div class=\"elementor-widget-container\">\n\t\t\t\t\t\t\t<ul class=\"elementor-icon-list-items\">\n\t\t\t\t\t\t\t<li class=\"elementor-icon-list-item\">\n\t\t\t\t\t\t\t\t\t\t\t<a href=\"https:\/\/lynx-cargo.com\/transport-w-temperaturze-otoczenia\/\">\n\n\t\t\t\t\t\t\t\t\t\t\t\t<span class=\"elementor-icon-list-icon\">\n\t\t\t\t\t\t\t<svg aria-hidden=\"true\" class=\"e-font-icon-svg e-fas-chevron-right\" viewBox=\"0 0 320 512\" xmlns=\"http:\/\/www.w3.org\/2000\/svg\"><path d=\"M285.476 272.971L91.132 467.314c-9.373 9.373-24.569 9.373-33.941 0l-22.667-22.667c-9.357-9.357-9.375-24.522-.04-33.901L188.505 256 34.484 101.255c-9.335-9.379-9.317-24.544.04-33.901l22.667-22.667c9.373-9.373 24.569-9.373 33.941 0L285.475 239.03c9.373 9.372 9.373 24.568.001 33.941z\"><\/path><\/svg>\t\t\t\t\t\t<\/span>\n\t\t\t\t\t\t\t\t\t\t<span class=\"elementor-icon-list-text\">Transport w temperaturze otoczenia<\/span>\n\t\t\t\t\t\t\t\t\t\t\t<\/a>\n\t\t\t\t\t\t\t\t\t<\/li>\n\t\t\t\t\t\t\t\t<li class=\"elementor-icon-list-item\">\n\t\t\t\t\t\t\t\t\t\t\t<a href=\"https:\/\/lynx-cargo.com\/transport-towarow-mrozonych\/\">\n\n\t\t\t\t\t\t\t\t\t\t\t\t<span class=\"elementor-icon-list-icon\">\n\t\t\t\t\t\t\t<svg aria-hidden=\"true\" class=\"e-font-icon-svg e-fas-chevron-right\" viewBox=\"0 0 320 512\" xmlns=\"http:\/\/www.w3.org\/2000\/svg\"><path d=\"M285.476 272.971L91.132 467.314c-9.373 9.373-24.569 9.373-33.941 0l-22.667-22.667c-9.357-9.357-9.375-24.522-.04-33.901L188.505 256 34.484 101.255c-9.335-9.379-9.317-24.544.04-33.901l22.667-22.667c9.373-9.373 24.569-9.373 33.941 0L285.475 239.03c9.373 9.372 9.373 24.568.001 33.941z\"><\/path><\/svg>\t\t\t\t\t\t<\/span>\n\t\t\t\t\t\t\t\t\t\t<span class=\"elementor-icon-list-text\">Transport towar\u00f3w mro\u017conych<\/span>\n\t\t\t\t\t\t\t\t\t\t\t<\/a>\n\t\t\t\t\t\t\t\t\t<\/li>\n\t\t\t\t\t\t\t\t<li class=\"elementor-icon-list-item\">\n\t\t\t\t\t\t\t\t\t\t\t<a href=\"https:\/\/lynx-cargo.com\/transport-towarow-swiezych\/\">\n\n\t\t\t\t\t\t\t\t\t\t\t\t<span class=\"elementor-icon-list-icon\">\n\t\t\t\t\t\t\t<svg aria-hidden=\"true\" class=\"e-font-icon-svg e-fas-chevron-right\" viewBox=\"0 0 320 512\" xmlns=\"http:\/\/www.w3.org\/2000\/svg\"><path d=\"M285.476 272.971L91.132 467.314c-9.373 9.373-24.569 9.373-33.941 0l-22.667-22.667c-9.357-9.357-9.375-24.522-.04-33.901L188.505 256 34.484 101.255c-9.335-9.379-9.317-24.544.04-33.901l22.667-22.667c9.373-9.373 24.569-9.373 33.941 0L285.475 239.03c9.373 9.372 9.373 24.568.001 33.941z\"><\/path><\/svg>\t\t\t\t\t\t<\/span>\n\t\t\t\t\t\t\t\t\t\t<span class=\"elementor-icon-list-text\">Transport towar\u00f3w \u015bwie\u017cych<\/span>\n\t\t\t\t\t\t\t\t\t\t\t<\/a>\n\t\t\t\t\t\t\t\t\t<\/li>\n\t\t\t\t\t\t<\/ul>\n\t\t\t\t\t\t<\/div>\n\t\t\t\t<\/div>\n\t\t\t\t\t<\/div>\n\t\t<\/div>\n\t\t\t\t<div class=\"elementor-column elementor-col-50 elementor-top-column elementor-element elementor-element-4717281\" data-id=\"4717281\" data-element_type=\"column\" data-e-type=\"column\">\n\t\t\t<div class=\"elementor-widget-wrap elementor-element-populated\">\n\t\t\t\t\t\t<div class=\"elementor-element elementor-element-31813ba elementor-widget elementor-widget-image\" data-id=\"31813ba\" data-element_type=\"widget\" data-e-type=\"widget\" data-widget_type=\"image.default\">\n\t\t\t\t<div class=\"elementor-widget-container\">\n\t\t\t\t\t\t\t\t\t\t\t\t\t\t\t<img fetchpriority=\"high\" decoding=\"async\" width=\"650\" height=\"900\" src=\"https:\/\/lynx-cargo.com\/wp-content\/uploads\/2024\/09\/spedycja-miedzynarodowa-male-650x900.jpg\" class=\"attachment-qi_addons_for_elementor_image_size_portrait size-qi_addons_for_elementor_image_size_portrait wp-image-13411\" alt=\"\" \/>\t\t\t\t\t\t\t\t\t\t\t\t\t\t\t<\/div>\n\t\t\t\t<\/div>\n\t\t\t\t\t<\/div>\n\t\t<\/div>\n\t\t\t\t\t<\/div>\n\t\t<\/section>\n\t\t\t\t<section class=\"elementor-section elementor-top-section elementor-element elementor-element-3ad337e elementor-section-boxed elementor-section-height-default elementor-section-height-default\" data-id=\"3ad337e\" data-element_type=\"section\" data-e-type=\"section\">\n\t\t\t\t\t\t<div class=\"elementor-container elementor-column-gap-default\">\n\t\t\t\t\t<div class=\"elementor-column elementor-col-33 elementor-top-column elementor-element elementor-element-7c7b2666\" data-id=\"7c7b2666\" data-element_type=\"column\" data-e-type=\"column\">\n\t\t\t<div class=\"elementor-widget-wrap elementor-element-populated\">\n\t\t\t\t\t\t<div class=\"elementor-element elementor-element-700b54e4 elementor-widget elementor-widget-qi_addons_for_elementor_counter\" data-id=\"700b54e4\" data-element_type=\"widget\" data-e-type=\"widget\" data-widget_type=\"qi_addons_for_elementor_counter.default\">\n\t\t\t\t<div class=\"elementor-widget-container\">\n\t\t\t\t\t<div class=\"qodef-shortcode qodef-m qodef-qi-counter qodef-layout--simple\" data-start-digit=\"1\" data-end-digit=\"100\" data-step-digit=\"4\" data-digit-label=\"%\">\n\t<div class=\"qodef-m-digit-wrapper\">\n\t\t<div class=\"qodef-m-digit\"><\/div>\n\t<\/div>\n\t\t<div class=\"qodef-m-separator qodef-qi-clear\">\n\t\t<div class=\"qodef-shortcode qodef-m qodef-qi-separator qodef-qi-clear qodef-separator--standard\">\t<div class=\"qodef-m-line\"><\/div><\/div>\t<\/div>\n\t<div class=\"qodef-m-content\">\n\t\t\t<h3 class=\"qodef-m-title\">\n\t\tzaanga\u017cowania\t<\/h3>\n\t\t\t<\/div>\n<\/div>\n\t\t\t\t<\/div>\n\t\t\t\t<\/div>\n\t\t\t\t\t<\/div>\n\t\t<\/div>\n\t\t\t\t<div class=\"elementor-column elementor-col-33 elementor-top-column elementor-element elementor-element-3037edc0\" data-id=\"3037edc0\" data-element_type=\"column\" data-e-type=\"column\">\n\t\t\t<div class=\"elementor-widget-wrap elementor-element-populated\">\n\t\t\t\t\t\t<div class=\"elementor-element elementor-element-3aa10a79 elementor-widget elementor-widget-qi_addons_for_elementor_counter\" data-id=\"3aa10a79\" data-element_type=\"widget\" data-e-type=\"widget\" data-widget_type=\"qi_addons_for_elementor_counter.default\">\n\t\t\t\t<div class=\"elementor-widget-container\">\n\t\t\t\t\t<div class=\"qodef-shortcode qodef-m qodef-qi-counter qodef-layout--simple\" data-start-digit=\"1\" data-end-digit=\"99\" data-step-digit=\"4\" data-digit-label=\"%\">\n\t<div class=\"qodef-m-digit-wrapper\">\n\t\t<div class=\"qodef-m-digit\"><\/div>\n\t<\/div>\n\t\t<div class=\"qodef-m-separator qodef-qi-clear\">\n\t\t<div class=\"qodef-shortcode qodef-m qodef-qi-separator qodef-qi-clear qodef-separator--standard\">\t<div class=\"qodef-m-line\"><\/div><\/div>\t<\/div>\n\t<div class=\"qodef-m-content\">\n\t\t\t<h3 class=\"qodef-m-title\">\n\t\tzadowolonych klient\u00f3w\t<\/h3>\n\t\t\t<\/div>\n<\/div>\n\t\t\t\t<\/div>\n\t\t\t\t<\/div>\n\t\t\t\t\t<\/div>\n\t\t<\/div>\n\t\t\t\t<div class=\"elementor-column elementor-col-33 elementor-top-column elementor-element elementor-element-1c5303ed\" data-id=\"1c5303ed\" data-element_type=\"column\" data-e-type=\"column\">\n\t\t\t<div class=\"elementor-widget-wrap elementor-element-populated\">\n\t\t\t\t\t\t<div class=\"elementor-element elementor-element-21fb4c73 elementor-widget elementor-widget-qi_addons_for_elementor_counter\" data-id=\"21fb4c73\" data-element_type=\"widget\" data-e-type=\"widget\" data-widget_type=\"qi_addons_for_elementor_counter.default\">\n\t\t\t\t<div class=\"elementor-widget-container\">\n\t\t\t\t\t<div class=\"qodef-shortcode qodef-m qodef-qi-counter qodef-layout--simple\" data-start-digit=\"1\" data-end-digit=\"97\" data-step-digit=\"4\" data-digit-label=\"%\">\n\t<div class=\"qodef-m-digit-wrapper\">\n\t\t<div class=\"qodef-m-digit\"><\/div>\n\t<\/div>\n\t\t<div class=\"qodef-m-separator qodef-qi-clear\">\n\t\t<div class=\"qodef-shortcode qodef-m qodef-qi-separator qodef-qi-clear qodef-separator--standard\">\t<div class=\"qodef-m-line\"><\/div><\/div>\t<\/div>\n\t<div class=\"qodef-m-content\">\n\t\t\t<h3 class=\"qodef-m-title\">\n\t\tdostaw na czas\t<\/h3>\n\t\t\t<\/div>\n<\/div>\n\t\t\t\t<\/div>\n\t\t\t\t<\/div>\n\t\t\t\t\t<\/div>\n\t\t<\/div>\n\t\t\t\t\t<\/div>\n\t\t<\/section>\n\t\t\t\t<section class=\"elementor-section elementor-top-section elementor-element elementor-element-6ad7a889 elementor-section-height-min-height elementor-section-stretched elementor-section-boxed elementor-section-height-default elementor-section-items-middle\" data-id=\"6ad7a889\" data-element_type=\"section\" data-e-type=\"section\" data-settings=\"{&quot;stretch_section&quot;:&quot;section-stretched&quot;,&quot;background_background&quot;:&quot;classic&quot;}\">\n\t\t\t\t\t\t\t<div class=\"elementor-background-overlay\"><\/div>\n\t\t\t\t\t\t\t<div class=\"elementor-container elementor-column-gap-default\">\n\t\t\t\t\t<div class=\"elementor-column elementor-col-100 elementor-top-column elementor-element elementor-element-6901d3b9\" data-id=\"6901d3b9\" data-element_type=\"column\" data-e-type=\"column\">\n\t\t\t<div class=\"elementor-widget-wrap elementor-element-populated\">\n\t\t\t\t\t\t<div class=\"elementor-element elementor-element-3358b6f4 animated-slow elementor-invisible elementor-widget elementor-widget-qi_addons_for_elementor_typeout_text\" data-id=\"3358b6f4\" data-element_type=\"widget\" data-e-type=\"widget\" data-settings=\"{&quot;_animation&quot;:&quot;fadeInUp&quot;}\" data-widget_type=\"qi_addons_for_elementor_typeout_text.default\">\n\t\t\t\t<div class=\"elementor-widget-container\">\n\t\t\t\t\t<div class=\"qodef-shortcode qodef-m qodef-qi-typeout-text\" data-strings=\"[&quot;&quot;]\">\n\t<h1 class=\"qodef-m-text\">\n\t\t\t\t\tMasz na my\u015bli jaki\u015b projekt?\t\t\t\t<span class=\"qodef-typeout-holder\">\n\t\t\t<span class=\"qodef-typeout\"><\/span>\n\t\t<\/span>\n\t<\/h1>\n<\/div>\n\t\t\t\t<\/div>\n\t\t\t\t<\/div>\n\t\t\t\t<div class=\"elementor-element elementor-element-77a05813 animated-slow elementor-invisible elementor-widget elementor-widget-qi_addons_for_elementor_typeout_text\" data-id=\"77a05813\" data-element_type=\"widget\" data-e-type=\"widget\" data-settings=\"{&quot;_animation&quot;:&quot;fadeInUp&quot;}\" data-widget_type=\"qi_addons_for_elementor_typeout_text.default\">\n\t\t\t\t<div class=\"elementor-widget-container\">\n\t\t\t\t\t<div class=\"qodef-shortcode qodef-m qodef-qi-typeout-text\" data-strings=\"[&quot;&quot;]\">\n\t<h3 class=\"qodef-m-text\">\n\t\t\t\t\tPorozmawiajmy o szczeg\u00f3\u0142ach.\t\t\t\t<span class=\"qodef-typeout-holder\">\n\t\t\t<span class=\"qodef-typeout\"><\/span>\n\t\t<\/span>\n\t<\/h3>\n<\/div>\n\t\t\t\t<\/div>\n\t\t\t\t<\/div>\n\t\t\t\t<div class=\"elementor-element elementor-element-631314d2 elementor-widget__width-auto animated-slow elementor-invisible elementor-widget elementor-widget-qi_addons_for_elementor_button\" data-id=\"631314d2\" data-element_type=\"widget\" data-e-type=\"widget\" data-settings=\"{&quot;_animation&quot;:&quot;fadeInUp&quot;,&quot;_animation_delay&quot;:&quot;200&quot;}\" data-widget_type=\"qi_addons_for_elementor_button.default\">\n\t\t\t\t<div class=\"elementor-widget-container\">\n\t\t\t\t\t<a class=\"qodef-shortcode qodef-m qodef-qi-button qodef-html--link qodef-layout--outlined qodef-type--icon-boxed qodef-icon--right qodef-hover--icon-move-horizontal-short qodef-text-underline qodef-underline--left\" href=\"https:\/\/lynx-cargo.com\/kontakt\/\" target=\"_self\">\n\t<span class=\"qodef-m-text\">Kontakt<\/span>\n\t\t<span class=\"qodef-m-icon\">\n\t\t<span class=\"qodef-m-icon-inner\">\n\t\t\t<svg xmlns=\"http:\/\/www.w3.org\/2000\/svg\" x=\"0px\" y=\"0px\" width=\"7px\" height=\"7px\" viewBox=\"1.25 1.25 7 7\" xml:space=\"preserve\"><polygon fill=\"#ffffff\" points=\"1.25,1.25 1.25,2.25 6.543,2.25 1.25,7.543 1.958,8.25 7.25,2.957 7.25,8.25 8.25,8.25 8.25,1.25 8.25,1.25 \"><\/polygon><\/svg>\t\t\t\t\t<\/span>\n\t<\/span>\n<\/a>\n\t\t\t\t<\/div>\n\t\t\t\t<\/div>\n\t\t\t\t\t<\/div>\n\t\t<\/div>\n\t\t\t\t\t<\/div>\n\t\t<\/section>\n\t\t\t\t<\/div>\n\t\t","protected":false},"excerpt":{"rendered":"<p>Spedycja mi\u0119dzynarodowa\u200b Spedycja mi\u0119dzynarodowa to proces planowania, organizowania i kontrolowania transportu towar\u00f3w mi\u0119dzy r\u00f3\u017cnymi krajami. Obejmuje ona koordynacj\u0119 wszystkich aspekt\u00f3w zwi\u0105zanych z transportem, takich jak dokumentacja celna, ubezpieczenie towar\u00f3w, \u015bledzenie dostaw oraz obs\u0142uga Klienta. W ramach us\u0142ugi spedycji mi\u0119dzynarodowej Lynx Cargo zapewnia sprawny przew\u00f3z towar\u00f3w na terenie Unii Europejskiej oraz minimalizowanie koszt\u00f3w i ryzyka zwi\u0105zanych z transportem. Zapewniamy, \u017ce Tw\u00f3j towar dotrze do miejsca przeznaczenia&#8230; <\/p>\n<p class=\"more\"><a class=\"more-link\" href=\"https:\/\/lynx-cargo.com\/pl\/spedycja-miedzynarodowa\/\">Read More<\/a><\/p>\n","protected":false},"author":2,"featured_media":9815,"parent":0,"menu_order":0,"comment_status":"closed","ping_status":"closed","template":"","meta":{"inline_featured_image":false,"footnotes":""},"class_list":["post-12646","page","type-page","status-publish","has-post-thumbnail","hentry","is-cat-link-borders-light is-cat-link-rounded"],"_links":{"self":[{"href":"https:\/\/lynx-cargo.com\/pl\/wp-json\/wp\/v2\/pages\/12646","targetHints":{"allow":["GET"]}}],"collection":[{"href":"https:\/\/lynx-cargo.com\/pl\/wp-json\/wp\/v2\/pages"}],"about":[{"href":"https:\/\/lynx-cargo.com\/pl\/wp-json\/wp\/v2\/types\/page"}],"author":[{"embeddable":true,"href":"https:\/\/lynx-cargo.com\/pl\/wp-json\/wp\/v2\/users\/2"}],"replies":[{"embeddable":true,"href":"https:\/\/lynx-cargo.com\/pl\/wp-json\/wp\/v2\/comments?post=12646"}],"version-history":[{"count":52,"href":"https:\/\/lynx-cargo.com\/pl\/wp-json\/wp\/v2\/pages\/12646\/revisions"}],"predecessor-version":[{"id":14120,"href":"https:\/\/lynx-cargo.com\/pl\/wp-json\/wp\/v2\/pages\/12646\/revisions\/14120"}],"wp:featuredmedia":[{"embeddable":true,"href":"https:\/\/lynx-cargo.com\/pl\/wp-json\/wp\/v2\/media\/9815"}],"wp:attachment":[{"href":"https:\/\/lynx-cargo.com\/pl\/wp-json\/wp\/v2\/media?parent=12646"}],"curies":[{"name":"wp","href":"https:\/\/api.w.org\/{rel}","templated":true}]}}