{"id":12644,"date":"2024-03-23T22:03:14","date_gmt":"2024-03-23T21:03:14","guid":{"rendered":"https:\/\/lynx-cargo.com\/?page_id=12644"},"modified":"2024-12-18T11:11:19","modified_gmt":"2024-12-18T10:11:19","slug":"spedycja-krajowa","status":"publish","type":"page","link":"https:\/\/lynx-cargo.com\/pl\/spedycja-krajowa\/","title":{"rendered":"Spedycja krajowa"},"content":{"rendered":"\t\t<div data-elementor-type=\"wp-page\" data-elementor-id=\"12644\" class=\"elementor elementor-12644\">\n\t\t\t\t\t\t<section class=\"elementor-section elementor-top-section elementor-element elementor-element-36a933ce elementor-section-height-min-height elementor-section-full_width elementor-section-stretched elementor-section-height-default elementor-section-items-middle\" data-id=\"36a933ce\" data-element_type=\"section\" data-e-type=\"section\" data-settings=\"{&quot;background_background&quot;:&quot;classic&quot;,&quot;stretch_section&quot;:&quot;section-stretched&quot;}\">\n\t\t\t\t\t\t<div class=\"elementor-container elementor-column-gap-default\">\n\t\t\t\t\t<div class=\"elementor-column elementor-col-100 elementor-top-column elementor-element elementor-element-4c5bbb92\" data-id=\"4c5bbb92\" data-element_type=\"column\" data-e-type=\"column\">\n\t\t\t<div class=\"elementor-widget-wrap\">\n\t\t\t\t\t\t\t<\/div>\n\t\t<\/div>\n\t\t\t\t\t<\/div>\n\t\t<\/section>\n\t\t<div class=\"elementor-element elementor-element-9c4aa81 e-flex e-con-boxed e-con e-parent\" data-id=\"9c4aa81\" data-element_type=\"container\" data-e-type=\"container\">\n\t\t\t\t\t<div class=\"e-con-inner\">\n\t\t<div class=\"elementor-element elementor-element-14d775f e-con-full e-flex e-con e-child\" data-id=\"14d775f\" data-element_type=\"container\" data-e-type=\"container\" data-no-translation=\"\">\n\t\t\t\t<div class=\"elementor-element elementor-element-b4b69c7 elementor-widget elementor-widget-qi_addons_for_elementor_animated_text\" data-id=\"b4b69c7\" data-element_type=\"widget\" data-e-type=\"widget\" data-no-translation=\"\" data-widget_type=\"qi_addons_for_elementor_animated_text.default\">\n\t\t\t\t<div class=\"elementor-widget-container\">\n\t\t\t\t\t<div class=\"qodef-shortcode qodef-m qodef-qi-animated-text qodef--animated-by-letter qodef--alignment-left qodef-qi--has-appear qodef--appear-from-right\" >\n\t\t<h1 class=\"qodef-m-title\">\n\t\t<span class=\"qodef-e-word-holder\">Spedycja<\/span> <span class=\"qodef-e-word-holder\">krajowa\u200b<\/span>\t<\/h1>\n<\/div>\n\t\t\t\t<\/div>\n\t\t\t\t<\/div>\n\t\t\t\t<div class=\"elementor-element elementor-element-2524550 elementor-widget elementor-widget-qi_addons_for_elementor_animated_text\" data-id=\"2524550\" data-element_type=\"widget\" data-e-type=\"widget\" data-no-translation=\"\" data-widget_type=\"qi_addons_for_elementor_animated_text.default\">\n\t\t\t\t<div class=\"elementor-widget-container\">\n\t\t\t\t\t<style>.elementor-element-2524550{display:none !important}<\/style>\t\t\t\t<\/div>\n\t\t\t\t<\/div>\n\t\t\t\t<\/div>\n\t\t\t\t\t<\/div>\n\t\t\t\t<\/div>\n\t\t\t\t<section class=\"elementor-section elementor-top-section elementor-element elementor-element-33949727 elementor-section-boxed elementor-section-height-default elementor-section-height-default\" data-id=\"33949727\" data-element_type=\"section\" data-e-type=\"section\">\n\t\t\t\t\t\t<div class=\"elementor-container elementor-column-gap-default\">\n\t\t\t\t\t<div class=\"elementor-column elementor-col-50 elementor-top-column elementor-element elementor-element-3400dee2\" data-id=\"3400dee2\" data-element_type=\"column\" data-e-type=\"column\">\n\t\t\t<div class=\"elementor-widget-wrap elementor-element-populated\">\n\t\t\t\t\t\t<div class=\"elementor-element elementor-element-092291f elementor-widget elementor-widget-text-editor\" data-id=\"092291f\" data-element_type=\"widget\" data-e-type=\"widget\" data-widget_type=\"text-editor.default\">\n\t\t\t\t<div class=\"elementor-widget-container\">\n\t\t\t\t\t\t\t\t\t<p style=\"text-align: justify;\">Spedycja krajowa to organizacja i zarz\u0105dzanie przewozem towar\u00f3w na terenie Polski. Spedycja krajowa obejmuje wszystkie etapy procesu transportu, w tym r\u00f3wnie\u017c formalno\u015bci zwi\u0105zane z przygotowaniem dokument\u00f3w, organizacj\u0105 transportu oraz koordynacj\u0105 dostaw. Jest to wa\u017cne, aby zapewni\u0107 sprawn\u0105 i efektywn\u0105 dostaw\u0119 towar\u00f3w na terenie kraju.<\/p><p style=\"text-align: justify;\">Potrzebujesz kompleksowej organizacji transportu na terenie Polski? Jeste\u015b we w\u0142a\u015bciwym miejscu. Lynx Cargo oferuje pe\u0142en zakres us\u0142ug w spedycji krajowej.<\/p>\t\t\t\t\t\t\t\t<\/div>\n\t\t\t\t<\/div>\n\t\t\t\t\t<\/div>\n\t\t<\/div>\n\t\t\t\t<div class=\"elementor-column elementor-col-50 elementor-top-column elementor-element elementor-element-4d11c1b\" data-id=\"4d11c1b\" data-element_type=\"column\" data-e-type=\"column\">\n\t\t\t<div class=\"elementor-widget-wrap elementor-element-populated\">\n\t\t\t\t\t\t<div class=\"elementor-element elementor-element-228e14f elementor-widget elementor-widget-image\" data-id=\"228e14f\" data-element_type=\"widget\" data-e-type=\"widget\" data-widget_type=\"image.default\">\n\t\t\t\t<div class=\"elementor-widget-container\">\n\t\t\t\t\t\t\t\t\t\t\t\t\t\t\t<img fetchpriority=\"high\" decoding=\"async\" width=\"550\" height=\"550\" src=\"https:\/\/lynx-cargo.com\/wp-content\/uploads\/2024\/09\/spedycja-krajowa-male-550x550.jpg\" class=\"attachment-logistica_image_size_3 size-logistica_image_size_3 wp-image-13409\" alt=\"\" srcset=\"https:\/\/lynx-cargo.com\/wp-content\/uploads\/2024\/09\/spedycja-krajowa-male-550x550.jpg 550w, https:\/\/lynx-cargo.com\/wp-content\/uploads\/2024\/09\/spedycja-krajowa-male-150x150.jpg 150w, https:\/\/lynx-cargo.com\/wp-content\/uploads\/2024\/09\/spedycja-krajowa-male-300x300.jpg 300w, https:\/\/lynx-cargo.com\/wp-content\/uploads\/2024\/09\/spedycja-krajowa-male-650x650.jpg 650w\" sizes=\"(max-width: 550px) 100vw, 550px\" \/>\t\t\t\t\t\t\t\t\t\t\t\t\t\t\t<\/div>\n\t\t\t\t<\/div>\n\t\t\t\t\t<\/div>\n\t\t<\/div>\n\t\t\t\t\t<\/div>\n\t\t<\/section>\n\t\t\t\t<section class=\"elementor-section elementor-top-section elementor-element elementor-element-64ea9686 elementor-section-boxed elementor-section-height-default elementor-section-height-default\" data-id=\"64ea9686\" data-element_type=\"section\" data-e-type=\"section\">\n\t\t\t\t\t\t<div class=\"elementor-container elementor-column-gap-default\">\n\t\t\t\t\t<div class=\"elementor-column elementor-col-33 elementor-top-column elementor-element elementor-element-1d96630b\" data-id=\"1d96630b\" data-element_type=\"column\" data-e-type=\"column\">\n\t\t\t<div class=\"elementor-widget-wrap elementor-element-populated\">\n\t\t\t\t\t\t<div class=\"elementor-element elementor-element-694a1199 elementor-widget elementor-widget-qi_addons_for_elementor_counter\" data-id=\"694a1199\" data-element_type=\"widget\" data-e-type=\"widget\" data-widget_type=\"qi_addons_for_elementor_counter.default\">\n\t\t\t\t<div class=\"elementor-widget-container\">\n\t\t\t\t\t<div class=\"qodef-shortcode qodef-m qodef-qi-counter qodef-layout--simple\" data-start-digit=\"1\" data-end-digit=\"100\" data-step-digit=\"4\" data-digit-label=\"%\">\n\t<div class=\"qodef-m-digit-wrapper\">\n\t\t<div class=\"qodef-m-digit\"><\/div>\n\t<\/div>\n\t\t<div class=\"qodef-m-separator qodef-qi-clear\">\n\t\t<div class=\"qodef-shortcode qodef-m qodef-qi-separator qodef-qi-clear qodef-separator--standard\">\t<div class=\"qodef-m-line\"><\/div><\/div>\t<\/div>\n\t<div class=\"qodef-m-content\">\n\t\t\t<h3 class=\"qodef-m-title\">\n\t\tzaanga\u017cowania\t<\/h3>\n\t\t\t<\/div>\n<\/div>\n\t\t\t\t<\/div>\n\t\t\t\t<\/div>\n\t\t\t\t\t<\/div>\n\t\t<\/div>\n\t\t\t\t<div class=\"elementor-column elementor-col-33 elementor-top-column elementor-element elementor-element-773e932a\" data-id=\"773e932a\" data-element_type=\"column\" data-e-type=\"column\">\n\t\t\t<div class=\"elementor-widget-wrap elementor-element-populated\">\n\t\t\t\t\t\t<div class=\"elementor-element elementor-element-1f5dcac7 elementor-widget elementor-widget-qi_addons_for_elementor_counter\" data-id=\"1f5dcac7\" data-element_type=\"widget\" data-e-type=\"widget\" data-widget_type=\"qi_addons_for_elementor_counter.default\">\n\t\t\t\t<div class=\"elementor-widget-container\">\n\t\t\t\t\t<div class=\"qodef-shortcode qodef-m qodef-qi-counter qodef-layout--simple\" data-start-digit=\"1\" data-end-digit=\"99\" data-step-digit=\"4\" data-digit-label=\"%\">\n\t<div class=\"qodef-m-digit-wrapper\">\n\t\t<div class=\"qodef-m-digit\"><\/div>\n\t<\/div>\n\t\t<div class=\"qodef-m-separator qodef-qi-clear\">\n\t\t<div class=\"qodef-shortcode qodef-m qodef-qi-separator qodef-qi-clear qodef-separator--standard\">\t<div class=\"qodef-m-line\"><\/div><\/div>\t<\/div>\n\t<div class=\"qodef-m-content\">\n\t\t\t<h3 class=\"qodef-m-title\">\n\t\tzadowolonych klient\u00f3w\t<\/h3>\n\t\t\t<\/div>\n<\/div>\n\t\t\t\t<\/div>\n\t\t\t\t<\/div>\n\t\t\t\t\t<\/div>\n\t\t<\/div>\n\t\t\t\t<div class=\"elementor-column elementor-col-33 elementor-top-column elementor-element elementor-element-20773dc0\" data-id=\"20773dc0\" data-element_type=\"column\" data-e-type=\"column\">\n\t\t\t<div class=\"elementor-widget-wrap elementor-element-populated\">\n\t\t\t\t\t\t<div class=\"elementor-element elementor-element-18fd4815 elementor-widget elementor-widget-qi_addons_for_elementor_counter\" data-id=\"18fd4815\" data-element_type=\"widget\" data-e-type=\"widget\" data-widget_type=\"qi_addons_for_elementor_counter.default\">\n\t\t\t\t<div class=\"elementor-widget-container\">\n\t\t\t\t\t<div class=\"qodef-shortcode qodef-m qodef-qi-counter qodef-layout--simple\" data-start-digit=\"1\" data-end-digit=\"97\" data-step-digit=\"4\" data-digit-label=\"%\">\n\t<div class=\"qodef-m-digit-wrapper\">\n\t\t<div class=\"qodef-m-digit\"><\/div>\n\t<\/div>\n\t\t<div class=\"qodef-m-separator qodef-qi-clear\">\n\t\t<div class=\"qodef-shortcode qodef-m qodef-qi-separator qodef-qi-clear qodef-separator--standard\">\t<div class=\"qodef-m-line\"><\/div><\/div>\t<\/div>\n\t<div class=\"qodef-m-content\">\n\t\t\t<h3 class=\"qodef-m-title\">\n\t\tdostaw na czas\t<\/h3>\n\t\t\t<\/div>\n<\/div>\n\t\t\t\t<\/div>\n\t\t\t\t<\/div>\n\t\t\t\t\t<\/div>\n\t\t<\/div>\n\t\t\t\t\t<\/div>\n\t\t<\/section>\n\t\t\t\t<section class=\"elementor-section elementor-top-section elementor-element elementor-element-414f5856 elementor-section-height-min-height elementor-section-stretched elementor-section-boxed elementor-section-height-default elementor-section-items-middle\" data-id=\"414f5856\" data-element_type=\"section\" data-e-type=\"section\" data-settings=\"{&quot;stretch_section&quot;:&quot;section-stretched&quot;,&quot;background_background&quot;:&quot;classic&quot;}\">\n\t\t\t\t\t\t\t<div class=\"elementor-background-overlay\"><\/div>\n\t\t\t\t\t\t\t<div class=\"elementor-container elementor-column-gap-default\">\n\t\t\t\t\t<div class=\"elementor-column elementor-col-100 elementor-top-column elementor-element elementor-element-71e40034\" data-id=\"71e40034\" data-element_type=\"column\" data-e-type=\"column\">\n\t\t\t<div class=\"elementor-widget-wrap elementor-element-populated\">\n\t\t\t\t\t\t<div class=\"elementor-element elementor-element-2790ab71 animated-slow elementor-invisible elementor-widget elementor-widget-qi_addons_for_elementor_typeout_text\" data-id=\"2790ab71\" data-element_type=\"widget\" data-e-type=\"widget\" data-settings=\"{&quot;_animation&quot;:&quot;fadeInUp&quot;}\" data-widget_type=\"qi_addons_for_elementor_typeout_text.default\">\n\t\t\t\t<div class=\"elementor-widget-container\">\n\t\t\t\t\t<div class=\"qodef-shortcode qodef-m qodef-qi-typeout-text\" data-strings=\"[&quot;&quot;]\">\n\t<h1 class=\"qodef-m-text\">\n\t\t\t\t\tMasz na my\u015bli jaki\u015b projekt?\t\t\t\t<span class=\"qodef-typeout-holder\">\n\t\t\t<span class=\"qodef-typeout\"><\/span>\n\t\t<\/span>\n\t<\/h1>\n<\/div>\n\t\t\t\t<\/div>\n\t\t\t\t<\/div>\n\t\t\t\t<div class=\"elementor-element elementor-element-4cba96ef animated-slow elementor-invisible elementor-widget elementor-widget-qi_addons_for_elementor_typeout_text\" data-id=\"4cba96ef\" data-element_type=\"widget\" data-e-type=\"widget\" data-settings=\"{&quot;_animation&quot;:&quot;fadeInUp&quot;}\" data-widget_type=\"qi_addons_for_elementor_typeout_text.default\">\n\t\t\t\t<div class=\"elementor-widget-container\">\n\t\t\t\t\t<div class=\"qodef-shortcode qodef-m qodef-qi-typeout-text\" data-strings=\"[&quot;&quot;]\">\n\t<h3 class=\"qodef-m-text\">\n\t\t\t\t\tPorozmawiajmy o szczeg\u00f3\u0142ach.\t\t\t\t<span class=\"qodef-typeout-holder\">\n\t\t\t<span class=\"qodef-typeout\"><\/span>\n\t\t<\/span>\n\t<\/h3>\n<\/div>\n\t\t\t\t<\/div>\n\t\t\t\t<\/div>\n\t\t\t\t<div class=\"elementor-element elementor-element-489b86c4 elementor-widget__width-auto animated-slow elementor-invisible elementor-widget elementor-widget-qi_addons_for_elementor_button\" data-id=\"489b86c4\" data-element_type=\"widget\" data-e-type=\"widget\" data-settings=\"{&quot;_animation&quot;:&quot;fadeInUp&quot;,&quot;_animation_delay&quot;:&quot;200&quot;}\" data-widget_type=\"qi_addons_for_elementor_button.default\">\n\t\t\t\t<div class=\"elementor-widget-container\">\n\t\t\t\t\t<a class=\"qodef-shortcode qodef-m qodef-qi-button qodef-html--link qodef-layout--outlined qodef-type--icon-boxed qodef-icon--right qodef-hover--icon-move-horizontal-short qodef-text-underline qodef-underline--left\" href=\"https:\/\/lynx-cargo.com\/kontakt\/\" target=\"_self\">\n\t<span class=\"qodef-m-text\">Kontakt<\/span>\n\t\t<span class=\"qodef-m-icon\">\n\t\t<span class=\"qodef-m-icon-inner\">\n\t\t\t<svg xmlns=\"http:\/\/www.w3.org\/2000\/svg\" x=\"0px\" y=\"0px\" width=\"7px\" height=\"7px\" viewBox=\"1.25 1.25 7 7\" xml:space=\"preserve\"><polygon fill=\"#ffffff\" points=\"1.25,1.25 1.25,2.25 6.543,2.25 1.25,7.543 1.958,8.25 7.25,2.957 7.25,8.25 8.25,8.25 8.25,1.25 8.25,1.25 \"><\/polygon><\/svg>\t\t\t\t\t<\/span>\n\t<\/span>\n<\/a>\n\t\t\t\t<\/div>\n\t\t\t\t<\/div>\n\t\t\t\t\t<\/div>\n\t\t<\/div>\n\t\t\t\t\t<\/div>\n\t\t<\/section>\n\t\t\t\t<\/div>\n\t\t","protected":false},"excerpt":{"rendered":"<p>Spedycja krajowa\u200b Spedycja krajowa to organizacja i zarz\u0105dzanie przewozem towar\u00f3w na terenie Polski. Spedycja krajowa obejmuje wszystkie etapy procesu transportu, w tym r\u00f3wnie\u017c formalno\u015bci zwi\u0105zane z przygotowaniem dokument\u00f3w, organizacj\u0105 transportu oraz koordynacj\u0105 dostaw. Jest to wa\u017cne, aby zapewni\u0107 sprawn\u0105 i efektywn\u0105 dostaw\u0119 towar\u00f3w na terenie kraju. Potrzebujesz kompleksowej organizacji transportu na terenie Polski? Jeste\u015b we w\u0142a\u015bciwym miejscu. Lynx Cargo oferuje pe\u0142en zakres us\u0142ug w spedycji&#8230; <\/p>\n<p class=\"more\"><a class=\"more-link\" href=\"https:\/\/lynx-cargo.com\/pl\/spedycja-krajowa\/\">Read More<\/a><\/p>\n","protected":false},"author":2,"featured_media":9823,"parent":0,"menu_order":0,"comment_status":"closed","ping_status":"closed","template":"","meta":{"inline_featured_image":false,"footnotes":""},"class_list":["post-12644","page","type-page","status-publish","has-post-thumbnail","hentry","is-cat-link-borders-light is-cat-link-rounded"],"_links":{"self":[{"href":"https:\/\/lynx-cargo.com\/pl\/wp-json\/wp\/v2\/pages\/12644","targetHints":{"allow":["GET"]}}],"collection":[{"href":"https:\/\/lynx-cargo.com\/pl\/wp-json\/wp\/v2\/pages"}],"about":[{"href":"https:\/\/lynx-cargo.com\/pl\/wp-json\/wp\/v2\/types\/page"}],"author":[{"embeddable":true,"href":"https:\/\/lynx-cargo.com\/pl\/wp-json\/wp\/v2\/users\/2"}],"replies":[{"embeddable":true,"href":"https:\/\/lynx-cargo.com\/pl\/wp-json\/wp\/v2\/comments?post=12644"}],"version-history":[{"count":61,"href":"https:\/\/lynx-cargo.com\/pl\/wp-json\/wp\/v2\/pages\/12644\/revisions"}],"predecessor-version":[{"id":14149,"href":"https:\/\/lynx-cargo.com\/pl\/wp-json\/wp\/v2\/pages\/12644\/revisions\/14149"}],"wp:featuredmedia":[{"embeddable":true,"href":"https:\/\/lynx-cargo.com\/pl\/wp-json\/wp\/v2\/media\/9823"}],"wp:attachment":[{"href":"https:\/\/lynx-cargo.com\/pl\/wp-json\/wp\/v2\/media?parent=12644"}],"curies":[{"name":"wp","href":"https:\/\/api.w.org\/{rel}","templated":true}]}}