{"id":12855,"date":"2024-03-25T22:54:55","date_gmt":"2024-03-25T21:54:55","guid":{"rendered":"https:\/\/lynx-cargo.com\/?page_id=12855"},"modified":"2026-03-24T15:45:08","modified_gmt":"2026-03-24T14:45:08","slug":"kariera","status":"publish","type":"page","link":"https:\/\/lynx-cargo.com\/en\/kariera\/","title":{"rendered":"Career"},"content":{"rendered":"\t\t<div data-elementor-type=\"wp-page\" data-elementor-id=\"12855\" class=\"elementor elementor-12855\">\n\t\t\t\t\t\t<section class=\"elementor-section elementor-top-section elementor-element elementor-element-376952 elementor-section-height-min-height elementor-section-boxed elementor-section-height-default elementor-section-items-middle\" data-id=\"376952\" data-element_type=\"section\" data-e-type=\"section\" data-settings=\"{&quot;background_background&quot;:&quot;classic&quot;}\">\n\t\t\t\t\t\t\t<div class=\"elementor-background-overlay\"><\/div>\n\t\t\t\t\t\t\t<div class=\"elementor-container elementor-column-gap-default\">\n\t\t\t\t\t<div class=\"elementor-column elementor-col-100 elementor-top-column elementor-element elementor-element-5d30c43\" data-id=\"5d30c43\" data-element_type=\"column\" data-e-type=\"column\">\n\t\t\t<div class=\"elementor-widget-wrap\">\n\t\t\t\t\t\t\t<\/div>\n\t\t<\/div>\n\t\t\t\t\t<\/div>\n\t\t<\/section>\n\t\t<div class=\"elementor-element elementor-element-f8a7556 e-flex e-con-boxed e-con e-parent\" data-id=\"f8a7556\" data-element_type=\"container\" data-e-type=\"container\">\n\t\t\t\t\t<div class=\"e-con-inner\">\n\t\t<div class=\"elementor-element elementor-element-3a2196b e-con-full e-flex e-con e-child\" data-id=\"3a2196b\" data-element_type=\"container\" data-e-type=\"container\">\n\t\t\t\t<div class=\"elementor-element elementor-element-7fac76a elementor-widget elementor-widget-qi_addons_for_elementor_animated_text\" data-id=\"7fac76a\" data-element_type=\"widget\" data-e-type=\"widget\" data-no-translation=\"\" data-widget_type=\"qi_addons_for_elementor_animated_text.default\">\n\t\t\t\t<div class=\"elementor-widget-container\">\n\t\t\t\t\t<style>.elementor-element-7fac76a{display:none !important}<\/style>\t\t\t\t<\/div>\n\t\t\t\t<\/div>\n\t\t\t\t<div class=\"elementor-element elementor-element-52675fb elementor-widget elementor-widget-qi_addons_for_elementor_animated_text\" data-id=\"52675fb\" data-element_type=\"widget\" data-e-type=\"widget\" data-no-translation=\"\" data-widget_type=\"qi_addons_for_elementor_animated_text.default\">\n\t\t\t\t<div class=\"elementor-widget-container\">\n\t\t\t\t\t<div class=\"qodef-shortcode qodef-m qodef-qi-animated-text qodef--animated-by-letter qodef--alignment-center qodef-qi--has-appear qodef--appear-from-bottom\" >\n\t\t<h1 class=\"qodef-m-title\">\n\t\t<span class=\"qodef-e-word-holder\">Career<\/span>\t<\/h1>\n<\/div>\n\t\t\t\t<\/div>\n\t\t\t\t<\/div>\n\t\t\t\t<\/div>\n\t\t<div class=\"elementor-element elementor-element-66e776c e-con-full e-flex e-con e-child\" data-id=\"66e776c\" data-element_type=\"container\" data-e-type=\"container\">\n\t\t\t\t<div class=\"elementor-element elementor-element-719b875 elementor-widget elementor-widget-text-editor\" data-id=\"719b875\" data-element_type=\"widget\" data-e-type=\"widget\" data-widget_type=\"text-editor.default\">\n\t\t\t\t<div class=\"elementor-widget-container\">\n\t\t\t\t\t\t\t\t\t<p><strong>Dlaczego warto by\u0107 pracownikiem Lynx Cargo?<\/strong><\/p><ul><li><strong>Stabilno\u015b\u0107 zatrudnienia:<\/strong> Jeste\u015bmy solidnym partnerem w bran\u017cy logistycznej, co zapewnia nam sta\u0142y rozw\u00f3j i mo\u017cliwo\u015b\u0107 oferowania atrakcyjnych warunk\u00f3w zatrudnienia.<\/li><li><strong>Mo\u017cliwo\u015bci rozwoju:<\/strong> Inwestujemy w naszych pracownik\u00f3w! Oferujemy programy szkole\u0144, kursy oraz mo\u017cliwo\u015bci awansu, aby\u015b m\u00f3g\u0142 rozwija\u0107 swoje umiej\u0119tno\u015bci i karier\u0119.<\/li><li><strong>Przyjazna atmosfera:<\/strong> Tworzymy zgrany zesp\u00f3\u0142, w kt\u00f3rym ka\u017cdy jest ceniony. Wspieramy si\u0119 nawzajem, dzielimy do\u015bwiadczeniami i wychodzimy naprzeciw wyzwaniom z u\u015bmiechem.<\/li><\/ul><p>Je\u015bli jeste\u015b gotowy na nowe wyzwania i chcesz by\u0107 cz\u0119\u015bci\u0105 przedsi\u0119biorstwa, kt\u00f3re nieustannie si\u0119 rozwija, aplikuj ju\u017c dzi\u015b! Razem zbudujmy przysz\u0142o\u015b\u0107 bran\u017cy TSL!<\/p>\t\t\t\t\t\t\t\t<\/div>\n\t\t\t\t<\/div>\n\t\t\t\t<\/div>\n\t\t\t\t\t<\/div>\n\t\t\t\t<\/div>\n\t\t<div class=\"elementor-element elementor-element-656737a e-flex e-con-boxed e-con e-parent\" data-id=\"656737a\" data-element_type=\"container\" data-e-type=\"container\">\n\t\t\t\t\t<div class=\"e-con-inner\">\n\t\t<div class=\"elementor-element elementor-element-5bb10cc e-con-full e-flex e-con e-child\" data-id=\"5bb10cc\" data-element_type=\"container\" data-e-type=\"container\">\n\t\t\t\t<div class=\"elementor-element elementor-element-9a7e586 elementor-widget elementor-widget-qi_addons_for_elementor_animated_text\" data-id=\"9a7e586\" data-element_type=\"widget\" data-e-type=\"widget\" data-widget_type=\"qi_addons_for_elementor_animated_text.default\">\n\t\t\t\t<div class=\"elementor-widget-container\">\n\t\t\t\t\t<div class=\"qodef-shortcode qodef-m qodef-qi-animated-text qodef--alignment-center qodef-qi--has-appear qodef--appear-from-bottom\" >\n\t\t<h2 class=\"qodef-m-title\">\n\t\tInteresujesz si\u0119 prac\u0105 w Lynx Cargo, ale nie widzisz odpowiedniej dla siebie oferty? Skontaktuj si\u0119 z nami wype\u0142niaj\u0105c poni\u017cszy formularz.\t<\/h2>\n<\/div>\n\t\t\t\t<\/div>\n\t\t\t\t<\/div>\n\t\t\t\t<div class=\"elementor-element elementor-element-6f10be6 elementor-widget elementor-widget-qi_addons_for_elementor_contact_form_7\" data-id=\"6f10be6\" data-element_type=\"widget\" data-e-type=\"widget\" data-widget_type=\"qi_addons_for_elementor_contact_form_7.default\">\n\t\t\t\t<div class=\"elementor-widget-container\">\n\t\t\t\t\t<div class=\"qodef-shortcode qodef-m qodef-qi-contact-form-7\">\n\t\n<div class=\"wpcf7 no-js\" id=\"wpcf7-f13657-o1\" lang=\"pl-PL\" dir=\"ltr\" data-wpcf7-id=\"13657\">\n<div class=\"screen-reader-response\"><p role=\"status\" aria-live=\"polite\" aria-atomic=\"true\"><\/p> <ul><\/ul><\/div>\n<form action=\"\/en\/wp-json\/wp\/v2\/pages\/12855#wpcf7-f13657-o1\" method=\"post\" class=\"wpcf7-form init\" aria-label=\"Formularz kontaktowy\" enctype=\"multipart\/form-data\" novalidate=\"novalidate\" data-status=\"init\">\n<fieldset class=\"hidden-fields-container\"><input type=\"hidden\" name=\"_wpcf7\" value=\"13657\" \/><input type=\"hidden\" name=\"_wpcf7_version\" value=\"6.1.5\" \/><input type=\"hidden\" name=\"_wpcf7_locale\" value=\"pl_PL\" \/><input type=\"hidden\" name=\"_wpcf7_unit_tag\" value=\"wpcf7-f13657-o1\" \/><input type=\"hidden\" name=\"_wpcf7_container_post\" value=\"0\" \/><input type=\"hidden\" name=\"_wpcf7_posted_data_hash\" value=\"\" \/><input type=\"hidden\" name=\"_wpcf7_recaptcha_response\" value=\"\" \/>\n<\/fieldset>\n<label>Imi\u0119 i nazwisko\n    <span class=\"wpcf7-form-control-wrap\" data-name=\"your-name\"><input size=\"40\" maxlength=\"400\" class=\"wpcf7-form-control wpcf7-text wpcf7-validates-as-required\" autocomplete=\"name\" aria-required=\"true\" aria-invalid=\"false\" value=\"\" type=\"text\" name=\"your-name\" \/><\/span> <\/label>\n\n<label>Adres e-mail\n    <span class=\"wpcf7-form-control-wrap\" data-name=\"your-email\"><input size=\"40\" maxlength=\"400\" class=\"wpcf7-form-control wpcf7-email wpcf7-validates-as-required wpcf7-text wpcf7-validates-as-email\" autocomplete=\"email\" aria-required=\"true\" aria-invalid=\"false\" value=\"\" type=\"email\" name=\"your-email\" \/><\/span> <\/label>\n\n<label>Temat wiadomo\u015bci\n    <span class=\"wpcf7-form-control-wrap\" data-name=\"your-subject\"><input size=\"40\" maxlength=\"400\" class=\"wpcf7-form-control wpcf7-text wpcf7-validates-as-required\" aria-required=\"true\" aria-invalid=\"false\" value=\"\" type=\"text\" name=\"your-subject\" \/><\/span> <\/label>\n\n<label>Tre\u015b\u0107 wiadomo\u015bci\n    <span class=\"wpcf7-form-control-wrap\" data-name=\"your-message\"><textarea cols=\"40\" rows=\"10\" maxlength=\"2000\" class=\"wpcf7-form-control wpcf7-textarea\" aria-invalid=\"false\" name=\"your-message\"><\/textarea><\/span> <\/label>\n\n<label>Twoje CV\n<span class=\"wpcf7-form-control-wrap\" data-name=\"your-file\"><input size=\"40\" class=\"wpcf7-form-control wpcf7-file\" accept=\".pdf,.txt\" aria-invalid=\"false\" type=\"file\" name=\"your-file\" \/><\/span><\/label>\n<label>Tylko pliki PDF o maksymalnym rozmiarze 4mb<\/label>\n\n<input class=\"wpcf7-form-control wpcf7-submit has-spinner\" type=\"submit\" value=\"Wy\u015blij wiadomo\u015b\u0107\" \/><div class=\"wpcf7-response-output\" aria-hidden=\"true\"><\/div>\n<\/form>\n<\/div>\n<\/div>\n\t\t\t\t<\/div>\n\t\t\t\t<\/div>\n\t\t\t\t<\/div>\n\t\t<div class=\"elementor-element elementor-element-c330101 e-con-full e-flex e-con e-child\" data-id=\"c330101\" data-element_type=\"container\" data-e-type=\"container\">\n\t\t\t\t<div class=\"elementor-element elementor-element-0c63530 elementor-widget elementor-widget-qi_addons_for_elementor_animated_text\" data-id=\"0c63530\" data-element_type=\"widget\" data-e-type=\"widget\" data-widget_type=\"qi_addons_for_elementor_animated_text.default\">\n\t\t\t\t<div class=\"elementor-widget-container\">\n\t\t\t\t\t<div class=\"qodef-shortcode qodef-m qodef-qi-animated-text qodef--alignment-center qodef-qi--has-appear qodef--appear-from-bottom\" >\n\t\t<h2 class=\"qodef-m-title\">\n\t\tOferty pracy\t<\/h2>\n<\/div>\n\t\t\t\t<\/div>\n\t\t\t\t<\/div>\n\t\t\t\t<div class=\"elementor-element elementor-element-f5b4bbc elementor-widget elementor-widget-html\" data-id=\"f5b4bbc\" data-element_type=\"widget\" data-e-type=\"widget\" data-widget_type=\"html.default\">\n\t\t\t\t<div class=\"elementor-widget-container\">\n\t\t\t\t\t<div style=\"border: 1px solid #ddd; padding: 20px; border-radius: 10px; font-family: Arial, sans-serif; max-width: 450px; margin: 20px auto;\">\r\n    <!-- Header section with logo and title -->\r\n    <div style=\"display: flex; align-items: center; gap: 15px; margin-bottom: 15px;\">\r\n        <img decoding=\"async\" src=\"http:\/\/lynx-cargo.com\/wp-content\/uploads\/2024\/09\/lynx-cargo-color.png\" alt=\"Lynx Cargo Logo\" style=\"width: 50px; height: auto;\">\r\n        <h2 style=\"margin: 0; font-size: 1.2rem; font-weight: bold; line-height: 1.3;\">\r\n            Specjalista <br> ds. obs\u0142ugi Klienta\r\n        <\/h2>\r\n    <\/div>\r\n\r\n    <!-- Job details -->\r\n    <ul style=\"list-style: none; padding: 0; margin: 0; font-size: 0.9rem; color: #555; line-height: 1.6;\">\r\n        <li><strong>Miejsce pracy:<\/strong> Kielce<\/li>\r\n        <li><strong>Rodzaj umowy:<\/strong> Umowa o prac\u0119<\/li>\r\n        <li><strong>Wymiar czasu pracy:<\/strong> Pe\u0142ny etat<\/li>\r\n        <li><strong>Rodzaj pracy:<\/strong> Praca stacjonarna<\/li>\r\n        <li><strong>Praca od:<\/strong> Praca od zaraz<\/li>\r\n    <\/ul>\r\n\r\n    <!-- Button section -->\r\n    <div style=\"text-align: center; margin-top: 20px;\">\r\n        <a href=\"https:\/\/lynx-cargo.com\/oferta-pracy\/specjalista-ds-obslugi-klienta-2\/\" style=\"text-decoration: none;\">\r\n            <button style=\"background-color: #0073e6; color: white; padding: 10px 20px; border: none; border-radius: 5px; cursor: pointer; font-size: 1rem; font-weight: bold;\">\r\n                Zobacz wi\u0119cej szczeg\u00f3\u0142\u00f3w\r\n            <\/button>\r\n        <\/a>\r\n    <\/div>\r\n<\/div>\r\n\t\t\t\t<\/div>\n\t\t\t\t<\/div>\n\t\t\t\t<div class=\"elementor-element elementor-element-0df048c elementor-widget elementor-widget-html\" data-id=\"0df048c\" data-element_type=\"widget\" data-e-type=\"widget\" data-widget_type=\"html.default\">\n\t\t\t\t<div class=\"elementor-widget-container\">\n\t\t\t\t\t<div style=\"border: 1px solid #ddd; padding: 20px; border-radius: 10px; font-family: Arial, sans-serif; max-width: 450px; margin: 20px auto;\">\r\n    <!-- Header section with logo and title -->\r\n    <div style=\"display: flex; align-items: center; gap: 15px; margin-bottom: 15px;\">\r\n        <img decoding=\"async\" src=\"http:\/\/lynx-cargo.com\/wp-content\/uploads\/2024\/09\/lynx-cargo-color.png\" alt=\"Lynx Cargo Logo\" style=\"width: 50px; height: auto;\">\r\n        <h2 style=\"margin: 0; font-size: 1.2rem; font-weight: bold; line-height: 1.3;\">\r\n             Business<br>Development Manager\r\n        <\/h2>\r\n    <\/div>\r\n\r\n    <!-- Job details -->\r\n    <ul style=\"list-style: none; padding: 0; margin: 0; font-size: 0.9rem; color: #555; line-height: 1.6;\">\r\n        <li><strong>Miejsce pracy:<\/strong> Kielce<\/li>\r\n        <li><strong>Rodzaj umowy:<\/strong> Umowa o prac\u0119<\/li>\r\n        <li><strong>Wymiar czasu pracy:<\/strong> Pe\u0142ny etat<\/li>\r\n        <li><strong>Rodzaj pracy:<\/strong> Praca stacjonarna + wyjazdy<\/li>\r\n        <li><strong>Praca od:<\/strong> 01.04.2026<\/li>\r\n    <\/ul>\r\n\r\n    <!-- Button section -->\r\n    <div style=\"text-align: center; margin-top: 20px;\">\r\n        <a href=\"https:\/\/lynx-cargo.com\/oferta-pracy\/business-development-manager\/\" style=\"text-decoration: none;\">\r\n            <button style=\"background-color: #0073e6; color: white; padding: 10px 20px; border: none; border-radius: 5px; cursor: pointer; font-size: 1rem; font-weight: bold;\">\r\n                Zobacz wi\u0119cej szczeg\u00f3\u0142\u00f3w\r\n            <\/button>\r\n        <\/a>\r\n    <\/div>\r\n<\/div>\r\n\t\t\t\t<\/div>\n\t\t\t\t<\/div>\n\t\t\t\t<div class=\"elementor-element elementor-element-750a554 elementor-widget elementor-widget-html\" data-id=\"750a554\" data-element_type=\"widget\" data-e-type=\"widget\" data-widget_type=\"html.default\">\n\t\t\t\t<div class=\"elementor-widget-container\">\n\t\t\t\t\t<div style=\"border: 1px solid #ddd; padding: 20px; border-radius: 10px; font-family: Arial, sans-serif; max-width: 450px; margin: 20px auto;\">\r\n    <!-- Header section with logo and title -->\r\n    <div style=\"display: flex; align-items: center; gap: 15px; margin-bottom: 15px;\">\r\n        <img decoding=\"async\" src=\"http:\/\/lynx-cargo.com\/wp-content\/uploads\/2024\/09\/lynx-cargo-color.png\" alt=\"Lynx Cargo Logo\" style=\"width: 50px; height: auto;\">\r\n        <h2 style=\"margin: 0; font-size: 1.2rem; font-weight: bold; line-height: 1.3;\">\r\n            Dyspozytor\r\n        <\/h2>\r\n    <\/div>\r\n\r\n    <!-- Job details -->\r\n    <ul style=\"list-style: none; padding: 0; margin: 0; font-size: 0.9rem; color: #555; line-height: 1.6;\">\r\n        <li><strong>Miejsce pracy:<\/strong> Kielce<\/li>\r\n        <li><strong>Rodzaj umowy:<\/strong> Umowa o prac\u0119<\/li>\r\n        <li><strong>Wymiar czasu pracy:<\/strong> Pe\u0142ny etat<\/li>\r\n        <li><strong>Rodzaj pracy:<\/strong> Praca stacjonarna<\/li>\r\n        <li><strong>Praca od:<\/strong> Praca od zaraz<\/li>\r\n    <\/ul>\r\n\r\n    <!-- Button section -->\r\n    <div style=\"text-align: center; margin-top: 20px;\">\r\n        <a href=\"https:\/\/lynx-cargo.com\/oferta-pracy\/dyspozytor\/\" style=\"text-decoration: none;\">\r\n            <button style=\"background-color: #0073e6; color: white; padding: 10px 20px; border: none; border-radius: 5px; cursor: pointer; font-size: 1rem; font-weight: bold;\">\r\n                Zobacz wi\u0119cej szczeg\u00f3\u0142\u00f3w\r\n            <\/button>\r\n        <\/a>\r\n    <\/div>\r\n<\/div>\r\n\t\t\t\t<\/div>\n\t\t\t\t<\/div>\n\t\t\t\t<\/div>\n\t\t\t\t\t<\/div>\n\t\t\t\t<\/div>\n\t\t\t\t<section class=\"elementor-section elementor-top-section elementor-element elementor-element-0f2047c elementor-section-height-min-height elementor-section-stretched elementor-section-boxed elementor-section-height-default elementor-section-items-middle\" data-id=\"0f2047c\" data-element_type=\"section\" data-e-type=\"section\" data-settings=\"{&quot;stretch_section&quot;:&quot;section-stretched&quot;,&quot;background_background&quot;:&quot;classic&quot;}\">\n\t\t\t\t\t\t\t<div class=\"elementor-background-overlay\"><\/div>\n\t\t\t\t\t\t\t<div class=\"elementor-container elementor-column-gap-default\">\n\t\t\t\t\t<div class=\"elementor-column elementor-col-100 elementor-top-column elementor-element elementor-element-47aaf98\" data-id=\"47aaf98\" data-element_type=\"column\" data-e-type=\"column\">\n\t\t\t<div class=\"elementor-widget-wrap elementor-element-populated\">\n\t\t\t\t\t\t<div class=\"elementor-element elementor-element-a77305d animated-slow elementor-invisible elementor-widget elementor-widget-qi_addons_for_elementor_typeout_text\" data-id=\"a77305d\" data-element_type=\"widget\" data-e-type=\"widget\" data-settings=\"{&quot;_animation&quot;:&quot;fadeInUp&quot;}\" data-widget_type=\"qi_addons_for_elementor_typeout_text.default\">\n\t\t\t\t<div class=\"elementor-widget-container\">\n\t\t\t\t\t<div class=\"qodef-shortcode qodef-m qodef-qi-typeout-text\" data-strings=\"[&quot;&quot;]\">\n\t<h1 class=\"qodef-m-text\">\n\t\t\t\t\tMasz na my\u015bli jaki\u015b projekt?\t\t\t\t<span class=\"qodef-typeout-holder\">\n\t\t\t<span class=\"qodef-typeout\"><\/span>\n\t\t<\/span>\n\t<\/h1>\n<\/div>\n\t\t\t\t<\/div>\n\t\t\t\t<\/div>\n\t\t\t\t<div class=\"elementor-element elementor-element-da84887 animated-slow elementor-invisible elementor-widget elementor-widget-qi_addons_for_elementor_typeout_text\" data-id=\"da84887\" data-element_type=\"widget\" data-e-type=\"widget\" data-settings=\"{&quot;_animation&quot;:&quot;fadeInUp&quot;}\" data-widget_type=\"qi_addons_for_elementor_typeout_text.default\">\n\t\t\t\t<div class=\"elementor-widget-container\">\n\t\t\t\t\t<div class=\"qodef-shortcode qodef-m qodef-qi-typeout-text\" data-strings=\"[&quot;&quot;]\">\n\t<h3 class=\"qodef-m-text\">\n\t\t\t\t\tPorozmawiajmy o szczeg\u00f3\u0142ach.\t\t\t\t<span class=\"qodef-typeout-holder\">\n\t\t\t<span class=\"qodef-typeout\"><\/span>\n\t\t<\/span>\n\t<\/h3>\n<\/div>\n\t\t\t\t<\/div>\n\t\t\t\t<\/div>\n\t\t\t\t<div class=\"elementor-element elementor-element-f553fd7 elementor-widget__width-auto animated-slow elementor-invisible elementor-widget elementor-widget-qi_addons_for_elementor_button\" data-id=\"f553fd7\" data-element_type=\"widget\" data-e-type=\"widget\" data-settings=\"{&quot;_animation&quot;:&quot;fadeInUp&quot;,&quot;_animation_delay&quot;:&quot;200&quot;}\" data-widget_type=\"qi_addons_for_elementor_button.default\">\n\t\t\t\t<div class=\"elementor-widget-container\">\n\t\t\t\t\t<a class=\"qodef-shortcode qodef-m qodef-qi-button qodef-html--link qodef-layout--outlined qodef-type--icon-boxed qodef-icon--right qodef-hover--icon-move-horizontal-short qodef-text-underline qodef-underline--left\" href=\"https:\/\/lynx-cargo.com\/kontakt\/\" target=\"_self\">\n\t<span class=\"qodef-m-text\">Kontakt<\/span>\n\t\t<span class=\"qodef-m-icon\">\n\t\t<span class=\"qodef-m-icon-inner\">\n\t\t\t<svg xmlns=\"http:\/\/www.w3.org\/2000\/svg\" x=\"0px\" y=\"0px\" width=\"7px\" height=\"7px\" viewBox=\"1.25 1.25 7 7\" xml:space=\"preserve\"><polygon fill=\"#ffffff\" points=\"1.25,1.25 1.25,2.25 6.543,2.25 1.25,7.543 1.958,8.25 7.25,2.957 7.25,8.25 8.25,8.25 8.25,1.25 8.25,1.25 \"><\/polygon><\/svg>\t\t\t\t\t<\/span>\n\t<\/span>\n<\/a>\n\t\t\t\t<\/div>\n\t\t\t\t<\/div>\n\t\t\t\t\t<\/div>\n\t\t<\/div>\n\t\t\t\t\t<\/div>\n\t\t<\/section>\n\t\t\t\t<\/div>\n\t\t","protected":false},"excerpt":{"rendered":"<p>Kariera Dlaczego warto by\u0107 pracownikiem Lynx Cargo? Stabilno\u015b\u0107 zatrudnienia: Jeste\u015bmy solidnym partnerem w bran\u017cy logistycznej, co zapewnia nam sta\u0142y rozw\u00f3j i mo\u017cliwo\u015b\u0107 oferowania atrakcyjnych warunk\u00f3w zatrudnienia. Mo\u017cliwo\u015bci rozwoju: Inwestujemy w naszych pracownik\u00f3w! Oferujemy programy szkole\u0144, kursy oraz mo\u017cliwo\u015bci awansu, aby\u015b m\u00f3g\u0142 rozwija\u0107 swoje umiej\u0119tno\u015bci i karier\u0119. Przyjazna atmosfera: Tworzymy zgrany zesp\u00f3\u0142, w kt\u00f3rym ka\u017cdy jest ceniony. Wspieramy si\u0119 nawzajem, dzielimy do\u015bwiadczeniami i wychodzimy naprzeciw wyzwaniom&#8230; <\/p>\n<p class=\"more\"><a class=\"more-link\" href=\"https:\/\/lynx-cargo.com\/en\/kariera\/\">Read More<\/a><\/p>","protected":false},"author":2,"featured_media":0,"parent":0,"menu_order":0,"comment_status":"closed","ping_status":"closed","template":"elementor_header_footer","meta":{"inline_featured_image":false,"footnotes":""},"class_list":["post-12855","page","type-page","status-publish","hentry","is-cat-link-borders-light is-cat-link-rounded"],"_links":{"self":[{"href":"https:\/\/lynx-cargo.com\/en\/wp-json\/wp\/v2\/pages\/12855","targetHints":{"allow":["GET"]}}],"collection":[{"href":"https:\/\/lynx-cargo.com\/en\/wp-json\/wp\/v2\/pages"}],"about":[{"href":"https:\/\/lynx-cargo.com\/en\/wp-json\/wp\/v2\/types\/page"}],"author":[{"embeddable":true,"href":"https:\/\/lynx-cargo.com\/en\/wp-json\/wp\/v2\/users\/2"}],"replies":[{"embeddable":true,"href":"https:\/\/lynx-cargo.com\/en\/wp-json\/wp\/v2\/comments?post=12855"}],"version-history":[{"count":155,"href":"https:\/\/lynx-cargo.com\/en\/wp-json\/wp\/v2\/pages\/12855\/revisions"}],"predecessor-version":[{"id":14348,"href":"https:\/\/lynx-cargo.com\/en\/wp-json\/wp\/v2\/pages\/12855\/revisions\/14348"}],"wp:attachment":[{"href":"https:\/\/lynx-cargo.com\/en\/wp-json\/wp\/v2\/media?parent=12855"}],"curies":[{"name":"wp","href":"https:\/\/api.w.org\/{rel}","templated":true}]}}